{"id":955,"date":"2024-10-03T20:26:40","date_gmt":"2024-10-03T20:26:40","guid":{"rendered":"https:\/\/www.clinicaferrersalud.com\/?page_id=955"},"modified":"2024-10-03T20:27:08","modified_gmt":"2024-10-03T20:27:08","slug":"politica-de-privacidad","status":"publish","type":"page","link":"https:\/\/www.clinicaferrersalud.com\/index.php\/politica-de-privacidad\/","title":{"rendered":"Politica de privacidad"},"content":{"rendered":"\n<p><strong>Pol\u00edtica de privacidad<\/strong><\/p>\n\n\n\n<p>Clinica FERRERsalud informa a los usuarios del sitio web sobre su pol\u00edtica respecto del tratamiento y protecci\u00f3n de los datos de car\u00e1cter personal de los usuarios y clientes que puedan ser recabados por la navegaci\u00f3n o contrataci\u00f3n de servicios a trav\u00e9s de su sitio web. En este sentido, Cl\u00ednica FERRERsalud garantiza el cumplimiento de la normativa vigente en materia de protecci\u00f3n de datos personales, reflejada en el Reglamento General de Protecci\u00f3n de Datos (RGPD) (UE) 2016\/679 y en la Ley Org\u00e1nica 3\/2018, de 5 de diciembre, de Protecci\u00f3n de Datos Personales y garant\u00eda de los derechos digitales.<\/p>\n\n\n\n<p><strong>\u00bfQui\u00e9n es el responsable del tratamiento de los datos personales?<\/strong><\/p>\n\n\n\n<p>SERGIO FERRER LEIVA con C.I.F. n\u00famero 18056165S y domicilio en C\/Teruel N\u00ba4, Local, 22005 Huesca, tel\u00e9fono 974095954 y correo electr\u00f3nico&nbsp;<a href=\"mailto:info@clinicaferrersalud.com\">info@clinicaferrersalud.com<\/a>&nbsp;es el responsable del tratamiento de los datos de car\u00e1cter personal.<\/p>\n\n\n\n<p><strong>\u00bfCon que finalidad se tratan los datos personales?<\/strong><\/p>\n\n\n\n<p>Cl\u00ednica FERRERsalud trata la informaci\u00f3n que se facilita con el fin de responderle todas las solicitudes que realice a trav\u00e9s de nuestro formulario de contacto en la p\u00e1gina web, adem\u00e1s de llevar la gesti\u00f3n de las acciones dirigidas, en el \u00e1mbito de la salud, a proporcionar a nuestros usuarios una integraci\u00f3n socio-laboral; as\u00ed como para llevar a cabo la gesti\u00f3n administrativa, fiscal y contable de la propia empresa.<\/p>\n\n\n\n<p><strong>\u00bfCu\u00e1l es el plazo o criterio de conservaci\u00f3n de sus datos?<\/strong><\/p>\n\n\n\n<p>Los datos personales proporcionados se conservar\u00e1n mientras se mantenga la relaci\u00f3n de prestaci\u00f3n del servicio, hasta que se solicite la supresi\u00f3n por parte del interesado o durante los a\u00f1os necesarios para cumplir con las obligaciones legales.<\/p>\n\n\n\n<p>Posteriormente, los datos ser\u00e1n suprimidos conforme a lo dispuesto en la normativa en materia de protecci\u00f3n de datos, lo que implica su bloqueo, estando disponibles tan solo a solicitudes de Jueces y Tribunales, Defensor del Pueblo, Ministerio Fiscal o las Administraciones P\u00fablicas competentes durante el plazo de prescripci\u00f3n de acciones que pudieran derivar y, transcurrido este tiempo, se proceder\u00e1 a su completa eliminaci\u00f3n.<\/p>\n\n\n\n<p><strong>\u00bfCu\u00e1l es la legitimaci\u00f3n para utilizar sus datos?<\/strong><\/p>\n\n\n\n<p>La base legal es la necesidad del tratamiento para la ejecuci\u00f3n del contrato de prestaci\u00f3n de servicios solicitado por el cliente, as\u00ed como el consentimiento para el tratamiento de sus datos mediante la cumplimentaci\u00f3n del formulario de contacto.<\/p>\n\n\n\n<p><strong>\u00bfA qu\u00e9 destinatarios se comunicar\u00e1n los datos?<\/strong><\/p>\n\n\n\n<p>Adem\u00e1s, los datos se ceder\u00e1n a terceros en los casos en los que exista una obligaci\u00f3n legal, como por ejemplo, la Administraci\u00f3n Tributaria, Seguridad Social, INAEM\u2026<\/p>\n\n\n\n<p><strong>\u00bfCu\u00e1les son sus derechos cuando facilita su consentimiento?<\/strong><\/p>\n\n\n\n<p>Cualquier persona tiene derecho a obtener confirmaci\u00f3n sobre si en Cl\u00ednica FERRERsalud se est\u00e1n tratando sus datos personales.<\/p>\n\n\n\n<p>Las personas interesadas tienen derecho a:<\/p>\n\n\n\n<ul class=\"wp-block-list\">\n<li>Solicitar el acceso a los datos personales relativos al interesado<\/li>\n\n\n\n<li>Solicitar su rectificaci\u00f3n o supresi\u00f3n<\/li>\n\n\n\n<li>Solicitar la limitaci\u00f3n de su tratamiento<\/li>\n\n\n\n<li>Oponerse al tratamiento<\/li>\n\n\n\n<li>Solicitar la portabilidad de los datos<\/li>\n<\/ul>\n\n\n\n<p>Los interesados podr\u00e1n acceder a sus datos personales, as\u00ed como a solicitar la rectificaci\u00f3n de los datos inexactos o, en su caso, solicitar su supresi\u00f3n cuando, entre otros motivos, los datos ya no sean necesarios para los fines que fueron recogidos.<\/p>\n\n\n\n<p>En determinadas circunstancias, los interesados podr\u00e1n solicitar la limitaci\u00f3n del tratamiento de sus datos, en cuyo caso \u00fanicamente los conservar\u00e9 para el ejercicio o la defensa de reclamaciones.<\/p>\n\n\n\n<p>En determinadas circunstancias y por motivos relacionados con su situaci\u00f3n particular, los interesados podr\u00e1n oponerse al tratamiento de sus datos, Clinica FERRERsalud dejar\u00e1 de tratar los datos, salvo por motivos leg\u00edtimos imperiosos, o el ejercicio o la defensa de posibles reclamaciones. Tambi\u00e9n podr\u00e1n solicitar la portabilidad de sus datos.<\/p>\n\n\n\n<p>Los interesados tambi\u00e9n tendr\u00e1n derecho a la tutela judicial efectiva y a presentar una reclamaci\u00f3n ante la autoridad de control, en este caso, la Agencia Espa\u00f1ola de Protecci\u00f3n de Datos, si consideran que el tratamiento de datos personales que le conciernen infringe el Reglamento.<\/p>\n\n\n\n<p><strong>\u00bfC\u00f3mo se han obtenido los datos personales?<\/strong><\/p>\n\n\n\n<p>Los datos personales que se tratan en Cl\u00ednica FERRERsalud vienen procedentes del propio interesado.<\/p>\n\n\n\n<p>Las categor\u00edas de datos que se tratan son:<\/p>\n\n\n\n<p>Datos de car\u00e1cter identificativo.<\/p>\n\n\n\n<p><strong>\u00bfCu\u00e1ndo puedo ejercer el derecho de reclamaci\u00f3n ante la Autoridad de Control?<\/strong><\/p>\n\n\n\n<p>Podr\u00e1 presentar reclamaci\u00f3n ante la Autoridad de Control en materia de Protecci\u00f3n de Datos competente, especialmente cuando no haya obtenido satisfacci\u00f3n en el ejercicio de sus derechos, mediante escrito dirigido a la Agencia Espa\u00f1ola de Protecci\u00f3n de Datos, C\/Jorge Juan n\u00ba 6, 28001 Madrid o bien accediendo a su sede electr\u00f3nica: https:\/\/sedeagpd.gob.es\/sede-electronica-web\/<\/p>\n","protected":false},"excerpt":{"rendered":"<p>Pol\u00edtica de privacidad Clinica FERRERsalud informa a los usuarios del sitio web sobre su pol\u00edtica respecto del tratamiento y protecci\u00f3n de los datos de car\u00e1cter personal de los usuarios y clientes que puedan ser recabados por la navegaci\u00f3n o contrataci\u00f3n &hellip; <a href=\"https:\/\/www.clinicaferrersalud.com\/index.php\/politica-de-privacidad\/\">Continuar<\/a><\/p>\n","protected":false},"author":1,"featured_media":0,"parent":0,"menu_order":0,"comment_status":"closed","ping_status":"closed","template":"","meta":{"kt_blocks_editor_width":"","footnotes":""},"class_list":["post-955","page","type-page","status-publish","hentry"],"_links":{"self":[{"href":"https:\/\/www.clinicaferrersalud.com\/index.php\/wp-json\/wp\/v2\/pages\/955","targetHints":{"allow":["GET"]}}],"collection":[{"href":"https:\/\/www.clinicaferrersalud.com\/index.php\/wp-json\/wp\/v2\/pages"}],"about":[{"href":"https:\/\/www.clinicaferrersalud.com\/index.php\/wp-json\/wp\/v2\/types\/page"}],"author":[{"embeddable":true,"href":"https:\/\/www.clinicaferrersalud.com\/index.php\/wp-json\/wp\/v2\/users\/1"}],"replies":[{"embeddable":true,"href":"https:\/\/www.clinicaferrersalud.com\/index.php\/wp-json\/wp\/v2\/comments?post=955"}],"version-history":[{"count":1,"href":"https:\/\/www.clinicaferrersalud.com\/index.php\/wp-json\/wp\/v2\/pages\/955\/revisions"}],"predecessor-version":[{"id":956,"href":"https:\/\/www.clinicaferrersalud.com\/index.php\/wp-json\/wp\/v2\/pages\/955\/revisions\/956"}],"wp:attachment":[{"href":"https:\/\/www.clinicaferrersalud.com\/index.php\/wp-json\/wp\/v2\/media?parent=955"}],"curies":[{"name":"wp","href":"https:\/\/api.w.org\/{rel}","templated":true}]}}