{"id":445,"date":"2023-11-13T16:43:16","date_gmt":"2023-11-13T16:43:16","guid":{"rendered":"https:\/\/www.clinicaferrersalud.com\/?page_id=445"},"modified":"2024-02-21T19:40:04","modified_gmt":"2024-02-21T19:40:04","slug":"pie-diabetico","status":"publish","type":"page","link":"https:\/\/www.clinicaferrersalud.com\/index.php\/pie-diabetico\/","title":{"rendered":"PIE DIABETICO"},"content":{"rendered":"\n<p><strong>La diabetes es una enfermedad cr\u00f3nica que aparece cuando el p\u00e1ncreas no produce insulina suficiente o cuando el organismo no utiliza eficazmente la insulina que produce<\/strong>. La insulina es una hormona que regula el az\u00facar en la sangre. El efecto de la diabetes no controlada es la hiperglucemia (aumento del az\u00facar en la sangre), que con el tiempo da\u00f1a gravemente muchos \u00f3rganos y sistemas, especialmente los nervios y los vasos sangu\u00edneos.<\/p>\n\n\n\n<p>Podemos diferenciar varios tipos de Diabetes:<\/p>\n\n\n\n<ul class=\"wp-block-list\">\n<li>Tipo 1: aparece en edad Juvenil o en la Infancia. Existe una producci\u00f3n muy deficiente de Insulina por lo que el paciente necesita su administraci\u00f3n diaria.<\/li>\n\n\n\n<li>Tipo 2: est\u00e1 relacionada con la edad, poca actividad f\u00edsica y la obesidad. Es el tipo de Diabetes m\u00e1s habitual en la poblaci\u00f3n.<\/li>\n\n\n\n<li>Gestacional: aumento de los valores en sangre durante el embarazo.<\/li>\n<\/ul>\n\n\n\n<p><strong><u>La Diabetes y el Pie<\/u><\/strong><\/p>\n\n\n\n<p>Muchos pacientes acuden a consulta preocupados por c\u00f3mo puede afectar su Diabetes a su pie<strong>. Sabemos que la Diabetes puede afectar a la cicatrizaci\u00f3n de las heridas, provocando infecciones m\u00e1s r\u00e1pidas, afectando a los vasos sangu\u00edneos y a los nervios, y con ello alterando la sensibilidad.<\/strong><\/p>\n\n\n\n<p><strong>Las personas con diabetes empiezan a sufrir patolog\u00edas vasculares y nerviosas en las zonas m\u00e1s distales del coraz\u00f3n, es decir, en los pies.<\/strong> Estas apariciones suelen estar m\u00e1s relacionadas con el tiempo de evoluci\u00f3n y queremos mencionar que pueden presentarse a\u00fan teniendo una anal\u00edtica perfecta. Por eso, desde nuestra cl\u00ednica <strong>recomendamos una revisi\u00f3n anual para ver si han empezado a manifestarse dichas patolog\u00edas que el paciente suele desconocer de su existencia.<\/strong><\/p>\n\n\n\n<p><strong><em>La mejor medicina es la prevenci\u00f3n, si eres Diab\u00e9tico, revisa tus pies en Cl\u00ednica FERRERsalud al menos 1 vez al a\u00f1o<\/em><\/strong>.<\/p>\n","protected":false},"excerpt":{"rendered":"<p>La diabetes es una enfermedad cr\u00f3nica que aparece cuando el p\u00e1ncreas no produce insulina suficiente o cuando el organismo no utiliza eficazmente la insulina que produce. La insulina es una hormona que regula el az\u00facar en la sangre. El efecto &hellip; <a href=\"https:\/\/www.clinicaferrersalud.com\/index.php\/pie-diabetico\/\">Continuar<\/a><\/p>\n","protected":false},"author":1,"featured_media":0,"parent":0,"menu_order":0,"comment_status":"closed","ping_status":"closed","template":"","meta":{"kt_blocks_editor_width":"","footnotes":""},"class_list":["post-445","page","type-page","status-publish","hentry"],"_links":{"self":[{"href":"https:\/\/www.clinicaferrersalud.com\/index.php\/wp-json\/wp\/v2\/pages\/445","targetHints":{"allow":["GET"]}}],"collection":[{"href":"https:\/\/www.clinicaferrersalud.com\/index.php\/wp-json\/wp\/v2\/pages"}],"about":[{"href":"https:\/\/www.clinicaferrersalud.com\/index.php\/wp-json\/wp\/v2\/types\/page"}],"author":[{"embeddable":true,"href":"https:\/\/www.clinicaferrersalud.com\/index.php\/wp-json\/wp\/v2\/users\/1"}],"replies":[{"embeddable":true,"href":"https:\/\/www.clinicaferrersalud.com\/index.php\/wp-json\/wp\/v2\/comments?post=445"}],"version-history":[{"count":2,"href":"https:\/\/www.clinicaferrersalud.com\/index.php\/wp-json\/wp\/v2\/pages\/445\/revisions"}],"predecessor-version":[{"id":664,"href":"https:\/\/www.clinicaferrersalud.com\/index.php\/wp-json\/wp\/v2\/pages\/445\/revisions\/664"}],"wp:attachment":[{"href":"https:\/\/www.clinicaferrersalud.com\/index.php\/wp-json\/wp\/v2\/media?parent=445"}],"curies":[{"name":"wp","href":"https:\/\/api.w.org\/{rel}","templated":true}]}}