{"id":419,"date":"2023-10-31T18:35:12","date_gmt":"2023-10-31T18:35:12","guid":{"rendered":"https:\/\/www.clinicaferrersalud.com\/?page_id=419"},"modified":"2024-01-18T17:18:50","modified_gmt":"2024-01-18T17:18:50","slug":"nacho-navarrete-martinez","status":"publish","type":"page","link":"https:\/\/www.clinicaferrersalud.com\/index.php\/nacho-navarrete-martinez\/","title":{"rendered":"Nacho Navarrete Martinez"},"content":{"rendered":"\n<div class=\"wp-block-columns is-layout-flex wp-container-core-columns-is-layout-9d6595d7 wp-block-columns-is-layout-flex\">\n<div class=\"wp-block-column is-layout-flow wp-block-column-is-layout-flow\" style=\"flex-basis:300px\">\n<figure class=\"wp-block-image size-large is-resized\"><img loading=\"lazy\" decoding=\"async\" width=\"683\" height=\"1024\" src=\"https:\/\/www.clinicaferrersalud.com\/wp-content\/uploads\/2024\/01\/MAR9452-683x1024.jpg\" alt=\"\" class=\"wp-image-578\" style=\"width:auto;height:400px\" srcset=\"https:\/\/www.clinicaferrersalud.com\/wp-content\/uploads\/2024\/01\/MAR9452-683x1024.jpg 683w, https:\/\/www.clinicaferrersalud.com\/wp-content\/uploads\/2024\/01\/MAR9452-200x300.jpg 200w, https:\/\/www.clinicaferrersalud.com\/wp-content\/uploads\/2024\/01\/MAR9452-768x1152.jpg 768w, https:\/\/www.clinicaferrersalud.com\/wp-content\/uploads\/2024\/01\/MAR9452-1024x1536.jpg 1024w, https:\/\/www.clinicaferrersalud.com\/wp-content\/uploads\/2024\/01\/MAR9452-1365x2048.jpg 1365w, https:\/\/www.clinicaferrersalud.com\/wp-content\/uploads\/2024\/01\/MAR9452-scaled.jpg 1707w\" sizes=\"auto, (max-width: 683px) 100vw, 683px\" \/><\/figure>\n<\/div>\n\n\n\n<div class=\"wp-block-column is-vertically-aligned-center is-layout-flow wp-block-column-is-layout-flow\">\n<p>N\u00ba Colegiado. 1799<\/p>\n\n\n\n<p>Experto en An\u00e1lisis del movimiento y Ejercicio Terape\u00fatico<\/p>\n\n\n\n<p>Fisioterapeuta<\/p>\n<\/div>\n<\/div>\n\n\n\n<p><\/p>\n\n\n\n<p><em>Formaci\u00f3n Acad\u00e9mica Universitaria<\/em><\/p>\n\n\n\n<ul class=\"wp-block-list\">\n<li>Graduado en <strong>FISIOTERAPIA <\/strong>por la Universidad de Lleida<\/li>\n\n\n\n<li>M\u00e1ster en <strong>TERAPIA MANUAL ORTOP\u00c9DICA (OMT)<\/strong> por la Universidad de Zaragoza<\/li>\n<\/ul>\n\n\n\n<p><em>Formaci\u00f3n Acad\u00e9mica Universitaria complementaria<\/em><\/p>\n\n\n\n<ul class=\"wp-block-list\">\n<li>Postgrado en <strong>ANALISIS BIOMEC\u00c1NICO<\/strong> de la postura, marcha y carrera. Barcelona.<\/li>\n\n\n\n<li>Postgrado en la gesti\u00f3n integral de <strong>LAS LESIONES DEL CORREDOR<\/strong>. Facultad de Medicina del Deporte. Reino Unido<\/li>\n\n\n\n<li>Postgrado en <strong>DOLOR CR\u00d3NICO<\/strong>, neurociencia y educaci\u00f3n. Zaragoza.<\/li>\n\n\n\n<li>Postgrado en <strong>ECOGRAF\u00cdA CL\u00cdNICA AVANZADA<\/strong>. Madrid.<\/li>\n\n\n\n<li>Formaci\u00f3n completa en <strong>KINETIC CONTROL. The movement solution<\/strong>. Barcelona<\/li>\n\n\n\n<li>Curso en prevenci\u00f3n y tratamiento de las <strong>LESIONES EN LA CARRERA<\/strong> a pie. Barcelona<\/li>\n\n\n\n<li>Curso sobre <strong>ANALISIS Y ENTRENAMIENTO DE LA CARRERA<\/strong><a href=\"https:\/\/formacion.javimgramage.com\/curso\/analisis-y-entrenamiento-de-carrera-por-potencia\/\"><strong> <\/strong><\/a><a href=\"https:\/\/formacion.javimgramage.com\/curso\/analisis-y-entrenamiento-de-carrera-por-potencia\/\">mediante<\/a><a href=\"https:\/\/formacion.javimgramage.com\/curso\/analisis-y-entrenamiento-de-carrera-por-potencia\/\"> <\/a><a href=\"https:\/\/formacion.javimgramage.com\/curso\/analisis-y-entrenamiento-de-carrera-por-potencia\/\">sensores<\/a><a href=\"https:\/\/formacion.javimgramage.com\/curso\/analisis-y-entrenamiento-de-carrera-por-potencia\/\"> <\/a><a href=\"https:\/\/formacion.javimgramage.com\/curso\/analisis-y-entrenamiento-de-carrera-por-potencia\/\">portables<\/a><a href=\"https:\/\/formacion.javimgramage.com\/curso\/analisis-y-entrenamiento-de-carrera-por-potencia\/\">.<\/a><a href=\"https:\/\/formacion.javimgramage.com\/curso\/analisis-y-entrenamiento-de-carrera-por-potencia\/\"> <\/a>ABIODE<\/li>\n\n\n\n<li>Curso sobre el <strong>DOLOR LUMBAR<\/strong>. Manejo Avanzado mediante ejercicio terap\u00e9utico. Barcelona<\/li>\n<\/ul>\n\n\n\n<ul class=\"wp-block-list\">\n<li>Curso sobre <strong>SINDROMES RADICULARES<\/strong> de origen lumbar.<\/li>\n\n\n\n<li>Curso de <strong>ANATOMY IN MOTION<\/strong>. Gary Ward.<\/li>\n\n\n\n<li>Curso sobre bases cient\u00edficas del <strong>ENTRENAMIENTO DE FUERZA.<\/strong><\/li>\n\n\n\n<li>Curso sobre el tratamiento de las <strong>TENDINOPATIAS DEL MIEMBRO INFERIOR<\/strong>. Alvaro Altube.<\/li>\n\n\n\n<li>Curso sobre la <strong>BIOMEC\u00c1NICA aplicada al CICLISMO<\/strong>. Real Federaci\u00f3n Espa\u00f1ola de Ciclismo. Madrid.<\/li>\n\n\n\n<li>Curso sobre <strong>NEUROPAT\u00cdAS del MIEMBRO INFERIOR<\/strong>. Zaragoza.<\/li>\n\n\n\n<li>Curso sobre <strong>PUNCI\u00d3N SECA<\/strong>; abordaje en el s\u00edndrome del dolor y disfunci\u00f3n miofascial. L\u00e9rida.<\/li>\n\n\n\n<li>Curso sobre <strong>BIOMEC\u00c1NICA cl\u00ednica del CICLISMO (BIKE FIT)<\/strong>. Zaragoza<\/li>\n\n\n\n<li>Actualizaciones en el <strong>tratamiento en fisioterapia del HOMBRO<\/strong>. L\u00e9rida.<\/li>\n\n\n\n<li>Curso sobre <strong>Fibr\u00f3lisis Instrumental Miofascial (ganchos)<\/strong>. L\u00e9rida<\/li>\n<\/ul>\n\n\n\n<p><em>Experiencia profesional:<\/em><\/p>\n\n\n\n<ul class=\"wp-block-list\">\n<li>Fisioterapeuta en la <strong>II COPA DE NACIONES de Patinaje art\u00edstico<\/strong>, marat\u00f3n Barcelona 2017.<\/li>\n\n\n\n<li>Fisioterapeuta en <strong>el Campeonato de Arag\u00f3n enduro MTB<\/strong>. 2018.<\/li>\n\n\n\n<li>Fisioterapeuta en la <strong>TITAN DESERT. ARABIA SAUDI<\/strong>. 2022<\/li>\n\n\n\n<li>Fisioterapeuta en FREMAP-HUESCA (mutua colaboradora de la seguridad social). 2017-2018<\/li>\n\n\n\n<li>Fisioterapeuta en cl\u00ednica privada Vitalia-Gabinete integral de salud (Jaca). 2018-2022<\/li>\n\n\n\n<li>Fisioterapeuta en centro L Aus\u00edn Hecho. 2018-2022.<\/li>\n\n\n\n<li>Fisioterapeuta en el <strong>C.E.T.D.I Arag\u00f3n de esqu\u00ed de fondo<\/strong> 2019-2022 (Centro especializado en tecnificaci\u00f3n de deportes de invierno.<\/li>\n\n\n\n<li>Fisioterapeuta en el F\u00fatbol Club JACETANO. 2019-2021.<\/li>\n\n\n\n<li>Fisioterapeuta en <strong>Clinica FERRERsalud<\/strong>. 2021-actualidad<\/li>\n<\/ul>\n","protected":false},"excerpt":{"rendered":"<p>N\u00ba Colegiado. 1799 Experto en An\u00e1lisis del movimiento y Ejercicio Terape\u00fatico Fisioterapeuta Formaci\u00f3n Acad\u00e9mica Universitaria Formaci\u00f3n Acad\u00e9mica Universitaria complementaria Experiencia profesional:<\/p>\n","protected":false},"author":1,"featured_media":0,"parent":0,"menu_order":0,"comment_status":"closed","ping_status":"closed","template":"","meta":{"kt_blocks_editor_width":"","footnotes":""},"class_list":["post-419","page","type-page","status-publish","hentry"],"_links":{"self":[{"href":"https:\/\/www.clinicaferrersalud.com\/index.php\/wp-json\/wp\/v2\/pages\/419","targetHints":{"allow":["GET"]}}],"collection":[{"href":"https:\/\/www.clinicaferrersalud.com\/index.php\/wp-json\/wp\/v2\/pages"}],"about":[{"href":"https:\/\/www.clinicaferrersalud.com\/index.php\/wp-json\/wp\/v2\/types\/page"}],"author":[{"embeddable":true,"href":"https:\/\/www.clinicaferrersalud.com\/index.php\/wp-json\/wp\/v2\/users\/1"}],"replies":[{"embeddable":true,"href":"https:\/\/www.clinicaferrersalud.com\/index.php\/wp-json\/wp\/v2\/comments?post=419"}],"version-history":[{"count":3,"href":"https:\/\/www.clinicaferrersalud.com\/index.php\/wp-json\/wp\/v2\/pages\/419\/revisions"}],"predecessor-version":[{"id":579,"href":"https:\/\/www.clinicaferrersalud.com\/index.php\/wp-json\/wp\/v2\/pages\/419\/revisions\/579"}],"wp:attachment":[{"href":"https:\/\/www.clinicaferrersalud.com\/index.php\/wp-json\/wp\/v2\/media?parent=419"}],"curies":[{"name":"wp","href":"https:\/\/api.w.org\/{rel}","templated":true}]}}