{"id":260,"date":"2023-10-18T20:25:36","date_gmt":"2023-10-18T20:25:36","guid":{"rendered":"https:\/\/www.clinicaferrersalud.com\/?page_id=260"},"modified":"2024-07-08T21:01:37","modified_gmt":"2024-07-08T21:01:37","slug":"tendinitis-de-aquiles","status":"publish","type":"page","link":"https:\/\/www.clinicaferrersalud.com\/index.php\/tendinitis-de-aquiles\/","title":{"rendered":"Tendinitis de AQUILES o tendinopat\u00eda del Aquiles"},"content":{"rendered":"\n<p>La tendinitis de Aquiles o tendinopat\u00eda aquilea es la inflamaci\u00f3n y\/o degeneraci\u00f3n del tend\u00f3n de Aquiles. Es un tend\u00f3n fundamental para andar, es el m\u00e1s grande y fuerte del cuerpo humano.<\/p>\n\n\n\n<p><strong>Hay varias causas que pueden provocar una tendinitis del Aquiles, las m\u00e1s habituales son las derivadas por una mala funci\u00f3n de la musculatura posterior y una mala biomec\u00e1nica (mala pisada).<\/strong><\/p>\n\n\n\n<p>La tendinitis de Aquiles suele manifestarse de varias formas; dolor a la palpaci\u00f3n del propio tend\u00f3n, dolor a la hora de andar y\/o correr, rigidez del tal\u00f3n tras largos periodos de descanso, adem\u00e1s de, en algunos casos, observar ecogr\u00e1ficamente un engrosamiento del tend\u00f3n afectado en comparaci\u00f3n con el tend\u00f3n contralateral sano.<\/p>\n\n\n\n<p>El tratamiento en Cl\u00ednica FERRERsalud var\u00eda dependiendo de la idiosincrasia de cada paciente, no obstante, puede abarcar desde tratamiento de fisioterapia, infiltraciones ecoguiadas, electr\u00f3lisis percut\u00e1nea intratisular hasta llegar a terapias ecoguiadas biologicas y regeneradoras como plasma rico en plaquetas (PRP), hidrodisecciones e infiltraciones ecoguiadas volum\u00e9tricas, y como no, ejercicio terape\u00fatico.<\/p>\n\n\n\n<p><strong>La llegada de estas nuevas propuestas de tratamiento, ofrecen una gran satisfacci\u00f3n a nuestros pacientes.<\/strong><\/p>\n\n\n\n<p>A cada paciente se trata de forma personalizada en funci\u00f3n del tiempo de evoluci\u00f3n y la actividad social, laboral o deportiva del paciente. <strong>A cada paciente se le realizar\u00e1 un estudio ecogr\u00e1fico previo para as\u00ed, asegurar una indicaci\u00f3n terape\u00fatica personalizada, y si hubiera indicios de calcificaciones o deformidades \u00f3seas asociadas, tambi\u00e9n valorar\u00edamos radiol\u00f3gicamente.<\/strong><\/p>\n\n\n\n<figure class=\"wp-block-kadence-image kb-image_07213e-57 size-large\"><img loading=\"lazy\" decoding=\"async\" width=\"1024\" height=\"683\" src=\"https:\/\/www.clinicaferrersalud.com\/wp-content\/uploads\/2023\/11\/TA1-1024x683.jpg\" alt=\"\" class=\"kb-img wp-image-437\" srcset=\"https:\/\/www.clinicaferrersalud.com\/wp-content\/uploads\/2023\/11\/TA1-1024x683.jpg 1024w, https:\/\/www.clinicaferrersalud.com\/wp-content\/uploads\/2023\/11\/TA1-300x200.jpg 300w, https:\/\/www.clinicaferrersalud.com\/wp-content\/uploads\/2023\/11\/TA1-768x512.jpg 768w, https:\/\/www.clinicaferrersalud.com\/wp-content\/uploads\/2023\/11\/TA1-1536x1025.jpg 1536w, https:\/\/www.clinicaferrersalud.com\/wp-content\/uploads\/2023\/11\/TA1-2048x1366.jpg 2048w\" sizes=\"auto, (max-width: 1024px) 100vw, 1024px\" \/><\/figure>\n\n\n<style>.kb-row-layout-id_a31c4f-4a > .kt-row-column-wrap{align-content:start;}:where(.kb-row-layout-id_a31c4f-4a > .kt-row-column-wrap) > .wp-block-kadence-column{justify-content:start;}.kb-row-layout-id_a31c4f-4a > .kt-row-column-wrap{column-gap:var(--global-kb-gap-md, 2rem);row-gap:var(--global-kb-gap-md, 2rem);max-width:1140px;padding-top:var(--global-kb-spacing-sm, 1.5rem);padding-bottom:var(--global-kb-spacing-sm, 1.5rem);grid-template-columns:minmax(0, 1fr);}.kb-row-layout-id_a31c4f-4a > .kt-row-layout-overlay{opacity:0.30;}@media all and (max-width: 1024px){.kb-row-layout-id_a31c4f-4a > .kt-row-column-wrap{grid-template-columns:minmax(0, 1fr);}}@media all and (max-width: 767px){.kb-row-layout-id_a31c4f-4a > .kt-row-column-wrap{grid-template-columns:minmax(0, 1fr);}}<\/style><div class=\"kb-row-layout-wrap kb-row-layout-id_a31c4f-4a alignnone wp-block-kadence-rowlayout\"><div class=\"kt-row-column-wrap kt-has-1-columns kt-row-layout-equal kt-tab-layout-inherit kt-mobile-layout-row kt-row-valign-top kb-theme-content-width\">\n<style>.kadence-column_87f75d-82 > .kt-inside-inner-col,.kadence-column_87f75d-82 > .kt-inside-inner-col:before{border-top-left-radius:0px;border-top-right-radius:0px;border-bottom-right-radius:0px;border-bottom-left-radius:0px;}.kadence-column_87f75d-82 > .kt-inside-inner-col:before{opacity:0.3;}.kadence-column_87f75d-82{position:relative;}<\/style>\n<div class=\"wp-block-kadence-column kadence-column_87f75d-82 inner-column-1\"><div class=\"kt-inside-inner-col\"><style>.kt-accordion-id_5abc1b-60 .kt-accordion-panel-inner{border-top:0px solid transparent;border-right:0px solid transparent;border-bottom:0px solid transparent;border-left:0px solid transparent;background:#fff;padding-top:var(--global-kb-spacing-sm, 1.5rem);padding-right:var(--global-kb-spacing-sm, 1.5rem);padding-bottom:var(--global-kb-spacing-sm, 1.5rem);padding-left:var(--global-kb-spacing-sm, 1.5rem);}.kt-accordion-id_5abc1b-60 .wp-block-kadence-pane .kt-accordion-header-wrap .kt-blocks-accordion-header{border-top:1px solid #f2f2f2;border-right:1px solid #f2f2f2;border-bottom:1px solid #f2f2f2;border-left:2px solid #f2f2f2;border-top-left-radius:6px;border-top-right-radius:6px;border-bottom-right-radius:6px;border-bottom-left-radius:6px;background:#f2f2f2;font-size:18px;line-height:32px;color:#444;padding-top:14px;padding-right:14px;padding-bottom:14px;padding-left:14px;}.kt-accordion-id_5abc1b-60 .kt-accordion-header-wrap{margin-top:10px;}.single-content .wp-block-kadence-pane>h2:first-child,\n\t\t\t.single-content .wp-block-kadence-pane>h3:first-child,\n\t\t\t.single-content .wp-block-kadence-pane>h4:first-child,\n\t\t\t.single-content .wp-block-kadence-pane>h5:first-child,\n\t\t\t.single-content .wp-block-kadence-pane>h6:first-child{margin-top:10px;}.kt-accordion-id_5abc1b-60:not( .kt-accodion-icon-style-basiccircle ):not( .kt-accodion-icon-style-xclosecircle ):not( .kt-accodion-icon-style-arrowcircle ) .kt-blocks-accordion-icon-trigger:after, .kt-accordion-id_5abc1b-60:not( .kt-accodion-icon-style-basiccircle ):not( .kt-accodion-icon-style-xclosecircle ):not( .kt-accodion-icon-style-arrowcircle ) .kt-blocks-accordion-icon-trigger:before{background:#444;}.kt-accordion-id_5abc1b-60:not( .kt-accodion-icon-style-basic ):not( .kt-accodion-icon-style-xclose ):not( .kt-accodion-icon-style-arrow ) .kt-blocks-accordion-icon-trigger{background:#444;}.kt-accordion-id_5abc1b-60:not( .kt-accodion-icon-style-basic ):not( .kt-accodion-icon-style-xclose ):not( .kt-accodion-icon-style-arrow ) .kt-blocks-accordion-icon-trigger:after, .kt-accordion-id_5abc1b-60:not( .kt-accodion-icon-style-basic ):not( .kt-accodion-icon-style-xclose ):not( .kt-accodion-icon-style-arrow ) .kt-blocks-accordion-icon-trigger:before{background:#f2f2f2;}.kt-accordion-id_5abc1b-60 .kt-accordion-header-wrap .kt-blocks-accordion-header:hover, .kt-accordion-id_5abc1b-60 .kt-accordion-header-wrap .kt-blocks-accordion-header:focus{color:#444444;background:#eeeeee;border-top:1px solid #eeeeee;border-right:1px solid #eeeeee;border-bottom:1px solid #eeeeee;border-left:2px solid #eeeeee;}.kt-accordion-id_5abc1b-60:not( .kt-accodion-icon-style-basiccircle ):not( .kt-accodion-icon-style-xclosecircle ):not( .kt-accodion-icon-style-arrowcircle ) .kt-blocks-accordion-header:hover .kt-blocks-accordion-icon-trigger:after, .kt-accordion-id_5abc1b-60:not( .kt-accodion-icon-style-basiccircle ):not( .kt-accodion-icon-style-xclosecircle ):not( .kt-accodion-icon-style-arrowcircle ) .kt-blocks-accordion-header:hover .kt-blocks-accordion-icon-trigger:before, .kt-accordion-id_5abc1b-60:not( .kt-accodion-icon-style-basiccircle ):not( .kt-accodion-icon-style-xclosecircle ):not( .kt-accodion-icon-style-arrowcircle ) .kt-blocks-accordion-header:focus .kt-blocks-accordion-icon-trigger:after, .kt-accordion-id_5abc1b-60:not( .kt-accodion-icon-style-basiccircle ):not( .kt-accodion-icon-style-xclosecircle ):not( .kt-accodion-icon-style-arrowcircle ) .kt-blocks-accordion-header:focus .kt-blocks-accordion-icon-trigger:before{background:#444444;}.kt-accordion-id_5abc1b-60:not( .kt-accodion-icon-style-basic ):not( .kt-accodion-icon-style-xclose ):not( .kt-accodion-icon-style-arrow ) .kt-blocks-accordion-header:hover .kt-blocks-accordion-icon-trigger, .kt-accordion-id_5abc1b-60:not( .kt-accodion-icon-style-basic ):not( .kt-accodion-icon-style-xclose ):not( .kt-accodion-icon-style-arrow ) .kt-blocks-accordion-header:focus .kt-blocks-accordion-icon-trigger{background:#444444;}.kt-accordion-id_5abc1b-60:not( .kt-accodion-icon-style-basic ):not( .kt-accodion-icon-style-xclose ):not( .kt-accodion-icon-style-arrow ) .kt-blocks-accordion-header:hover .kt-blocks-accordion-icon-trigger:after, .kt-accordion-id_5abc1b-60:not( .kt-accodion-icon-style-basic ):not( .kt-accodion-icon-style-xclose ):not( .kt-accodion-icon-style-arrow ) .kt-blocks-accordion-header:hover .kt-blocks-accordion-icon-trigger:before, .kt-accordion-id_5abc1b-60:not( .kt-accodion-icon-style-basic ):not( .kt-accodion-icon-style-xclose ):not( .kt-accodion-icon-style-arrow ) .kt-blocks-accordion-header:focus .kt-blocks-accordion-icon-trigger:after, .kt-accordion-id_5abc1b-60:not( .kt-accodion-icon-style-basic ):not( .kt-accodion-icon-style-xclose ):not( .kt-accodion-icon-style-arrow ) .kt-blocks-accordion-header:focus .kt-blocks-accordion-icon-trigger:before{background:#eeeeee;}.kt-accordion-id_5abc1b-60 .kt-accordion-header-wrap .kt-blocks-accordion-header.kt-accordion-panel-active{color:#ffffff;background:#f3690e;border-top:1px solid #f3690e;border-right:1px solid #f3690e;border-bottom:1px solid #f3690e;border-left:2px solid #f3690e;}.kt-accordion-id_5abc1b-60:not( .kt-accodion-icon-style-basiccircle ):not( .kt-accodion-icon-style-xclosecircle ):not( .kt-accodion-icon-style-arrowcircle ) .kt-blocks-accordion-header.kt-accordion-panel-active .kt-blocks-accordion-icon-trigger:after, .kt-accordion-id_5abc1b-60:not( .kt-accodion-icon-style-basiccircle ):not( .kt-accodion-icon-style-xclosecircle ):not( .kt-accodion-icon-style-arrowcircle ) .kt-blocks-accordion-header.kt-accordion-panel-active .kt-blocks-accordion-icon-trigger:before{background:#ffffff;}.kt-accordion-id_5abc1b-60:not( .kt-accodion-icon-style-basic ):not( .kt-accodion-icon-style-xclose ):not( .kt-accodion-icon-style-arrow ) .kt-blocks-accordion-header.kt-accordion-panel-active .kt-blocks-accordion-icon-trigger{background:#ffffff;}.kt-accordion-id_5abc1b-60:not( .kt-accodion-icon-style-basic ):not( .kt-accodion-icon-style-xclose ):not( .kt-accodion-icon-style-arrow ) .kt-blocks-accordion-header.kt-accordion-panel-active .kt-blocks-accordion-icon-trigger:after, .kt-accordion-id_5abc1b-60:not( .kt-accodion-icon-style-basic ):not( .kt-accodion-icon-style-xclose ):not( .kt-accodion-icon-style-arrow ) .kt-blocks-accordion-header.kt-accordion-panel-active .kt-blocks-accordion-icon-trigger:before{background:#f3690e;}@media all and (max-width: 1024px){.kt-accordion-id_5abc1b-60 .kt-accordion-panel-inner{border-top:0px solid transparent;border-right:0px solid transparent;border-bottom:0px solid transparent;border-left:0px solid transparent;}}@media all and (max-width: 1024px){.kt-accordion-id_5abc1b-60 .wp-block-kadence-pane .kt-accordion-header-wrap .kt-blocks-accordion-header{border-top:1px solid #f2f2f2;border-right:1px solid #f2f2f2;border-bottom:1px solid #f2f2f2;border-left:2px solid #f2f2f2;}}@media all and (max-width: 1024px){.kt-accordion-id_5abc1b-60 .kt-accordion-header-wrap .kt-blocks-accordion-header:hover, .kt-accordion-id_5abc1b-60 .kt-accordion-header-wrap .kt-blocks-accordion-header:focus{border-top:1px solid #eeeeee;border-right:1px solid #eeeeee;border-bottom:1px solid #eeeeee;border-left:2px solid #eeeeee;}}@media all and (max-width: 1024px){.kt-accordion-id_5abc1b-60 .kt-accordion-header-wrap .kt-blocks-accordion-header.kt-accordion-panel-active{border-top:1px solid #f3690e;border-right:1px solid #f3690e;border-bottom:1px solid #f3690e;border-left:2px solid #f3690e;}}@media all and (max-width: 767px){.kt-accordion-id_5abc1b-60 .kt-accordion-panel-inner{border-top:0px solid transparent;border-right:0px solid transparent;border-bottom:0px solid transparent;border-left:0px solid transparent;}.kt-accordion-id_5abc1b-60 .wp-block-kadence-pane .kt-accordion-header-wrap .kt-blocks-accordion-header{border-top:1px solid #f2f2f2;border-right:1px solid #f2f2f2;border-bottom:1px solid #f2f2f2;border-left:2px solid #f2f2f2;}.kt-accordion-id_5abc1b-60 .kt-accordion-header-wrap .kt-blocks-accordion-header:hover, .kt-accordion-id_5abc1b-60 .kt-accordion-header-wrap .kt-blocks-accordion-header:focus{border-top:1px solid #eeeeee;border-right:1px solid #eeeeee;border-bottom:1px solid #eeeeee;border-left:2px solid #eeeeee;}.kt-accordion-id_5abc1b-60 .kt-accordion-header-wrap .kt-blocks-accordion-header.kt-accordion-panel-active{border-top:1px solid #f3690e;border-right:1px solid #f3690e;border-bottom:1px solid #f3690e;border-left:2px solid #f3690e;}}<\/style>\n<div class=\"wp-block-kadence-accordion alignnone\"><div class=\"kt-accordion-wrap kt-accordion-id_5abc1b-60 kt-accordion-has-15-panes kt-active-pane-0 kt-accordion-block kt-pane-header-alignment-left kt-accodion-icon-style-basic kt-accodion-icon-side-right\" style=\"max-width:none\"><div class=\"kt-accordion-inner-wrap\" data-allow-multiple-open=\"false\" data-start-open=\"none\">\n<div class=\"wp-block-kadence-pane kt-accordion-pane kt-accordion-pane-13 kt-pane_ab69be-d4\"><div class=\"kt-accordion-header-wrap\"><button class=\"kt-blocks-accordion-header kt-acccordion-button-label-show\"><span class=\"kt-blocks-accordion-title-wrap\"><span class=\"kt-blocks-accordion-title\"><strong>Mi hijo peque\u00f1o tiene dolor en el tal\u00f3n, muy cerca del tend\u00f3n de Aqu\u00edles \u00bfes una tendinitis de Aquiles?<\/strong><\/span><\/span><span class=\"kt-blocks-accordion-icon-trigger\"><\/span><\/button><\/div><div class=\"kt-accordion-panel\"><div class=\"kt-accordion-panel-inner\">\n<p>Probablemente si su hijo es menor de 14-17 a\u00f1os y sufre dichas molestias<strong>, lo habitual es que no sea una tendinitis de Aquiles y sea una patolog\u00eda del crecimiento<\/strong> muy habitual como puede ser la enfermedad de Sever. Le recomendamos acudir a consulta para valorar su caso y plantear una soluci\u00f3n.<\/p>\n<\/div><\/div><\/div>\n\n\n\n<div class=\"wp-block-kadence-pane kt-accordion-pane kt-accordion-pane-14 kt-pane_9203b1-fa\"><div class=\"kt-accordion-header-wrap\"><button class=\"kt-blocks-accordion-header kt-acccordion-button-label-show\"><span class=\"kt-blocks-accordion-title-wrap\"><span class=\"kt-blocks-accordion-title\"><strong>Tengo un bulto que me duele justo al lado del tend\u00f3n de Aquiles \u00bftambi\u00e9n es una tendinitis de Aquiles?<\/strong><\/span><\/span><span class=\"kt-blocks-accordion-icon-trigger\"><\/span><\/button><\/div><div class=\"kt-accordion-panel\"><div class=\"kt-accordion-panel-inner\">\n<p>Depende de cada caso y paciente. <strong>La aparici\u00f3n de un bulto en la zona del tend\u00f3n de Aquiles puede ser por varios motivo<\/strong>s, como la aparici\u00f3n de una bursitis, debido a un proceso inflamatorio.<\/p>\n\n\n\n<p><strong>Otra de las razones puede ser una enfermedad de Haglund,<\/strong> es un tipo de prominencia o deformidad \u00f3sea de la zona.<\/p>\n\n\n\n<p>No obstante, ambas patolog\u00edas suelen tener bastante relaci\u00f3n con la tendinitis de Aquiles.<\/p>\n\n\n\n<p>Es por ello, qu\u00e9 en estos casos tan espec\u00edficos, recomendamos acudir a un experto en Pie y Tobillo, como el Dr. Sergio Ferrer, pod\u00f3logo y fisioterapeuta, experto en PIE y TOBILLO, el cual valorar\u00e1 la zona para llegar a la mejor conclusi\u00f3n posible.<\/p>\n<\/div><\/div><\/div>\n<\/div><\/div><\/div>\n<\/div><\/div>\n\n<\/div><\/div>","protected":false},"excerpt":{"rendered":"<p>La tendinitis de Aquiles o tendinopat\u00eda aquilea es la inflamaci\u00f3n y\/o degeneraci\u00f3n del tend\u00f3n de Aquiles. Es un tend\u00f3n fundamental para andar, es el m\u00e1s grande y fuerte del cuerpo humano. Hay varias causas que pueden provocar una tendinitis del &hellip; <a href=\"https:\/\/www.clinicaferrersalud.com\/index.php\/tendinitis-de-aquiles\/\">Continuar<\/a><\/p>\n","protected":false},"author":1,"featured_media":0,"parent":0,"menu_order":0,"comment_status":"closed","ping_status":"closed","template":"","meta":{"kt_blocks_editor_width":"","footnotes":""},"class_list":["post-260","page","type-page","status-publish","hentry"],"_links":{"self":[{"href":"https:\/\/www.clinicaferrersalud.com\/index.php\/wp-json\/wp\/v2\/pages\/260","targetHints":{"allow":["GET"]}}],"collection":[{"href":"https:\/\/www.clinicaferrersalud.com\/index.php\/wp-json\/wp\/v2\/pages"}],"about":[{"href":"https:\/\/www.clinicaferrersalud.com\/index.php\/wp-json\/wp\/v2\/types\/page"}],"author":[{"embeddable":true,"href":"https:\/\/www.clinicaferrersalud.com\/index.php\/wp-json\/wp\/v2\/users\/1"}],"replies":[{"embeddable":true,"href":"https:\/\/www.clinicaferrersalud.com\/index.php\/wp-json\/wp\/v2\/comments?post=260"}],"version-history":[{"count":6,"href":"https:\/\/www.clinicaferrersalud.com\/index.php\/wp-json\/wp\/v2\/pages\/260\/revisions"}],"predecessor-version":[{"id":922,"href":"https:\/\/www.clinicaferrersalud.com\/index.php\/wp-json\/wp\/v2\/pages\/260\/revisions\/922"}],"wp:attachment":[{"href":"https:\/\/www.clinicaferrersalud.com\/index.php\/wp-json\/wp\/v2\/media?parent=260"}],"curies":[{"name":"wp","href":"https:\/\/api.w.org\/{rel}","templated":true}]}}