{"id":177,"date":"2023-10-18T17:16:54","date_gmt":"2023-10-18T17:16:54","guid":{"rendered":"https:\/\/www.clinicaferrersalud.com\/?page_id=177"},"modified":"2024-07-08T20:59:21","modified_gmt":"2024-07-08T20:59:21","slug":"osteopatia","status":"publish","type":"page","link":"https:\/\/www.clinicaferrersalud.com\/index.php\/osteopatia\/","title":{"rendered":"OSTEOPATIA"},"content":{"rendered":"\n<p><strong>La osteopat\u00eda es una especialidad que est\u00e1 orientada a restaurar y mantener el equilibrio del cuerpo para conseguir su recuperaci\u00f3n y conservar su capacidad de autorregulaci\u00f3n<\/strong>. A trav\u00e9s de diversos estudios, la osteopat\u00eda identifica las disfunciones o alteraciones \u00f3seas y musculares que provocan un desequilibrio de la salud.<\/p>\n\n\n\n<p>El oste\u00f3pata detecta, trata y previene problemas de salud a trav\u00e9s de t\u00e9cnicas manipulativas y tratamientos no invasivos que <strong>se basan en una visi\u00f3n hol\u00edstica del cuerpo humano<\/strong> donde es importante que los huesos, m\u00fasculos y ligamentos trabajen conjuntamente.<\/p>\n\n\n\n<p>El tratamiento, que se denomina manipulaci\u00f3n osteop\u00e1tica, consiste en un conjunto de t\u00e9cnicas y pr\u00e1cticas orientadas a aliviar el dolor, restaurar funciones y promover la salud y el bienestar. Es por tanto una medicina hol\u00edstica, es decir, que considera el cuerpo como una unidad que funciona de forma global y no como un conjunto de \u00f3rganos.<\/p>\n\n\n\n<p><strong>Los oste\u00f3patas de Clinica FERRERsalud est\u00e1n debidamente acreditados como fisioterapeutas<\/strong> y cumple con los requisitos profesionales de su colegio de fisioterapeutas. <strong>As\u00ed es como entendemos la osteopat\u00eda.<\/strong><\/p>\n\n\n<style>.kb-row-layout-wrap.wp-block-kadence-rowlayout.kb-row-layout-id_e8b9f1-8f{margin-top:0px;margin-bottom:0px;}.kb-row-layout-id_e8b9f1-8f > .kt-row-column-wrap{align-content:center;}:where(.kb-row-layout-id_e8b9f1-8f > .kt-row-column-wrap) > .wp-block-kadence-column{justify-content:center;}.kb-row-layout-id_e8b9f1-8f > .kt-row-column-wrap{column-gap:var(--global-kb-gap-none, 0 );row-gap:var(--global-kb-gap-none, 0 );max-width:1140px;padding-top:50px;padding-bottom:50px;min-height:400px;grid-template-columns:minmax(0, 57%) minmax(0, 43%);}.kb-row-layout-id_e8b9f1-8f > .kt-row-layout-overlay{opacity:0.30;}@media all and (max-width: 1024px){.kb-row-layout-id_e8b9f1-8f > .kt-row-column-wrap{grid-template-columns:repeat(2, minmax(0, 1fr));}}@media all and (max-width: 767px){.kb-row-layout-wrap.wp-block-kadence-rowlayout.kb-row-layout-id_e8b9f1-8f{margin-top:30px;margin-bottom:0px;}.kb-row-layout-id_e8b9f1-8f > .kt-row-column-wrap{grid-template-columns:minmax(0, 1fr);}}<\/style><div class=\"kb-row-layout-wrap kb-row-layout-id_e8b9f1-8f alignnone wp-block-kadence-rowlayout\"><div class=\"kt-row-column-wrap kt-has-2-columns kt-row-layout-equal kt-tab-layout-inherit kt-mobile-layout-row kt-row-valign-middle kt-inner-column-height-full kb-theme-content-width\">\n<style>.kadence-column_775d4f-6e, .kt-inside-inner-col > .kadence-column_775d4f-6e:not(.specificity){margin-top:0px;margin-right:0px;margin-bottom:0px;margin-left:0px;}.kadence-column_775d4f-6e > .kt-inside-inner-col{padding-top:0px;padding-right:0px;padding-bottom:0px;padding-left:0px;}.kadence-column_775d4f-6e > .kt-inside-inner-col,.kadence-column_775d4f-6e > .kt-inside-inner-col:before{border-top-left-radius:6px;border-top-right-radius:6px;border-bottom-right-radius:6px;border-bottom-left-radius:6px;}.kadence-column_775d4f-6e > .kt-inside-inner-col{background-image:url('https:\/\/www.clinicaferrersalud.com\/wp-content\/uploads\/2023\/10\/O1-scaled.jpg');background-size:cover;background-position:51% 41%;background-attachment:scroll;background-repeat:no-repeat;}.kadence-column_775d4f-6e > .kt-inside-inner-col:before{opacity:0.3;}.kadence-column_775d4f-6e{position:relative;}<\/style>\n<div class=\"wp-block-kadence-column kadence-column_775d4f-6e inner-column-1\"><div class=\"kt-inside-inner-col\"><style>.wp-block-kadence-spacer.kt-block-spacer-_f3508d-7e .kt-block-spacer{height:50px;}.wp-block-kadence-spacer.kt-block-spacer-_f3508d-7e .kt-divider{border-top-width:1px;height:1px;border-top-color:#eee;width:80%;border-top-style:solid;}@media all and (max-width: 767px){.wp-block-kadence-spacer.kt-block-spacer-_f3508d-7e .kt-block-spacer{height:250px!important;}}<\/style>\n<div class=\"wp-block-kadence-spacer aligncenter kt-block-spacer-_f3508d-7e\"><div class=\"kt-block-spacer kt-block-spacer-halign-center\"><\/div><\/div>\n<\/div><\/div>\n\n\n<style>.kadence-column_b6473d-16, .kt-inside-inner-col > .kadence-column_b6473d-16:not(.specificity){margin-top:0px;margin-right:100px;margin-bottom:0px;margin-left:-100px;}.kadence-column_b6473d-16 > .kt-inside-inner-col{padding-top:0px;padding-right:0px;padding-bottom:30px;padding-left:0px;}.kadence-column_b6473d-16 > .kt-inside-inner-col,.kadence-column_b6473d-16 > .kt-inside-inner-col:before{border-top-left-radius:0px;border-top-right-radius:0px;border-bottom-right-radius:0px;border-bottom-left-radius:0px;}.kadence-column_b6473d-16 > .kt-inside-inner-col:before{opacity:0.3;}.kadence-column_b6473d-16{position:relative;}@media all and (max-width: 1024px){.kadence-column_b6473d-16, .kt-inside-inner-col > .kadence-column_b6473d-16:not(.specificity){margin-top:0px;margin-right:0px;margin-bottom:0px;margin-left:-28px;}}@media all and (max-width: 1024px){.kadence-column_b6473d-16 > .kt-inside-inner-col{padding-top:0px;padding-right:0px;padding-bottom:0px;padding-left:0px;}}@media all and (max-width: 767px){.kadence-column_b6473d-16, .kt-inside-inner-col > .kadence-column_b6473d-16:not(.specificity){margin-top:0px;margin-right:0px;margin-bottom:0px;margin-left:0px;}.kadence-column_b6473d-16 > .kt-inside-inner-col{padding-top:0px;padding-right:0px;padding-bottom:0px;padding-left:0px;}}<\/style>\n<div class=\"wp-block-kadence-column kadence-column_b6473d-16 inner-column-2\"><div class=\"kt-inside-inner-col\"><style>.kt-blocks-testimonials-wrap_c1562b-d0 .kt-svg-testimonial-global-icon{font-size:30px;}.kt-blocks-testimonials-wrap_c1562b-d0 .kt-testimonial-rating-wrap .kb-svg-icon-wrap{color:#ffd700;font-size:16px;}.kt-blocks-testimonials-wrap_c1562b-d0{padding-top:10px;}.kt-blocks-testimonials-wrap_c1562b-d0 .kt-testimonial-grid-wrap{gap:30px;}.kt-blocks-testimonials-wrap_c1562b-d0 .kt-testimonial-item-wrap{padding-top:60px;padding-right:60px;padding-bottom:60px;padding-left:60px;}.kt-blocks-testimonials-wrap_c1562b-d0 .kt-testimonial-content{color:var(--global-palette3, #1A202C);font-size:21px;line-height:1.5em;}.kt-blocks-testimonials-wrap_c1562b-d0 .kt-testimonial-name{color:var(--global-palette4, #2D3748);font-size:16px;line-height:24px;}.kt-blocks-testimonials-wrap_c1562b-d0 .kt-testimonial-occupation{color:var(--global-palette4, #2D3748);font-size:14px;line-height:14px;}.kt-blocks-testimonials-wrap_c1562b-d0 .kt-testimonial-item-wrap{background:#f8f9fc;border-top-left-radius:6px;border-top-right-radius:6px;border-bottom-right-radius:6px;border-bottom-left-radius:6px;}@media all and (max-width: 767px){.kt-blocks-testimonials-wrap_c1562b-d0{padding-top:px;padding-bottom:px;margin-top:px;margin-bottom:px;}}<\/style><div class=\"kt-blocks-testimonials-wrap_c1562b-d0 kt-testimonial-halign-left kt-testimonial-style-basic kt-testimonials-media-off kt-testimonials-icon-off kt-testimonial-columns-1 kt-t-xxl-col-1 kt-t-xl-col-1 kt-t-lg-col-1 kt-t-md-col-1 kt-t-sm-col-1 kt-t-xs-col-1 wp-block-kadence-testimonials\"><div class=\"kt-blocks-testimonials-inner-wrap kt-testimonial-grid-wrap\">\n<div class=\"kt-testimonial-item-wrap kt-testimonial-item-_42479c-09 \"><div class=\"kt-testimonial-text-wrap\"><div class=\"kt-testimonial-content-wrap\"><div class=\"kt-testimonial-content\"><strong>La osteopat\u00eda es una especialidad que est\u00e1 orientada a restaurar y mantener el equilibrio del cuerpo para conseguir su recuperaci\u00f3n y conservar su capacidad de autorregulaci\u00f3n<\/strong><\/div><\/div><\/div><div class=\"kt-testimonial-meta-wrap\"><div class=\"kt-testimonial-meta-name-wrap\"><div class=\"kt-testimonial-name-wrap\"><div class=\"kt-testimonial-name\"><\/div><\/div><div class=\"kt-testimonial-occupation-wrap\"><div class=\"kt-testimonial-occupation\"><\/div><\/div><\/div><\/div><\/div>\n<\/div><\/div><\/div><\/div>\n\n<\/div><\/div>\n\n<style>.kb-row-layout-id_a31c4f-4a > .kt-row-column-wrap{align-content:start;}:where(.kb-row-layout-id_a31c4f-4a > .kt-row-column-wrap) > .wp-block-kadence-column{justify-content:start;}.kb-row-layout-id_a31c4f-4a > .kt-row-column-wrap{column-gap:var(--global-kb-gap-md, 2rem);row-gap:var(--global-kb-gap-md, 2rem);max-width:1140px;padding-top:var(--global-kb-spacing-sm, 1.5rem);padding-bottom:var(--global-kb-spacing-sm, 1.5rem);grid-template-columns:minmax(0, 1fr);}.kb-row-layout-id_a31c4f-4a > .kt-row-layout-overlay{opacity:0.30;}@media all and (max-width: 1024px){.kb-row-layout-id_a31c4f-4a > .kt-row-column-wrap{grid-template-columns:minmax(0, 1fr);}}@media all and (max-width: 767px){.kb-row-layout-id_a31c4f-4a > .kt-row-column-wrap{grid-template-columns:minmax(0, 1fr);}}<\/style><div class=\"kb-row-layout-wrap kb-row-layout-id_a31c4f-4a alignnone wp-block-kadence-rowlayout\"><div class=\"kt-row-column-wrap kt-has-1-columns kt-row-layout-equal kt-tab-layout-inherit kt-mobile-layout-row kt-row-valign-top kb-theme-content-width\">\n<style>.kadence-column_87f75d-82 > .kt-inside-inner-col,.kadence-column_87f75d-82 > .kt-inside-inner-col:before{border-top-left-radius:0px;border-top-right-radius:0px;border-bottom-right-radius:0px;border-bottom-left-radius:0px;}.kadence-column_87f75d-82 > .kt-inside-inner-col:before{opacity:0.3;}.kadence-column_87f75d-82{position:relative;}<\/style>\n<div class=\"wp-block-kadence-column kadence-column_87f75d-82 inner-column-1\"><div class=\"kt-inside-inner-col\"><style>.kt-accordion-id_5abc1b-60 .kt-accordion-panel-inner{border-top:0px solid transparent;border-right:0px solid transparent;border-bottom:0px solid transparent;border-left:0px solid transparent;background:#fff;padding-top:var(--global-kb-spacing-sm, 1.5rem);padding-right:var(--global-kb-spacing-sm, 1.5rem);padding-bottom:var(--global-kb-spacing-sm, 1.5rem);padding-left:var(--global-kb-spacing-sm, 1.5rem);}.kt-accordion-id_5abc1b-60 .wp-block-kadence-pane .kt-accordion-header-wrap .kt-blocks-accordion-header{border-top:1px solid #f2f2f2;border-right:1px solid #f2f2f2;border-bottom:1px solid #f2f2f2;border-left:2px solid #f2f2f2;border-top-left-radius:6px;border-top-right-radius:6px;border-bottom-right-radius:6px;border-bottom-left-radius:6px;background:#f2f2f2;font-size:18px;line-height:32px;color:#444;padding-top:14px;padding-right:14px;padding-bottom:14px;padding-left:14px;}.kt-accordion-id_5abc1b-60 .kt-accordion-header-wrap{margin-top:10px;}.single-content .wp-block-kadence-pane>h2:first-child,\n\t\t\t.single-content .wp-block-kadence-pane>h3:first-child,\n\t\t\t.single-content .wp-block-kadence-pane>h4:first-child,\n\t\t\t.single-content .wp-block-kadence-pane>h5:first-child,\n\t\t\t.single-content .wp-block-kadence-pane>h6:first-child{margin-top:10px;}.kt-accordion-id_5abc1b-60:not( .kt-accodion-icon-style-basiccircle ):not( .kt-accodion-icon-style-xclosecircle ):not( .kt-accodion-icon-style-arrowcircle ) .kt-blocks-accordion-icon-trigger:after, .kt-accordion-id_5abc1b-60:not( .kt-accodion-icon-style-basiccircle ):not( .kt-accodion-icon-style-xclosecircle ):not( .kt-accodion-icon-style-arrowcircle ) .kt-blocks-accordion-icon-trigger:before{background:#444;}.kt-accordion-id_5abc1b-60:not( .kt-accodion-icon-style-basic ):not( .kt-accodion-icon-style-xclose ):not( .kt-accodion-icon-style-arrow ) .kt-blocks-accordion-icon-trigger{background:#444;}.kt-accordion-id_5abc1b-60:not( .kt-accodion-icon-style-basic ):not( .kt-accodion-icon-style-xclose ):not( .kt-accodion-icon-style-arrow ) .kt-blocks-accordion-icon-trigger:after, .kt-accordion-id_5abc1b-60:not( .kt-accodion-icon-style-basic ):not( .kt-accodion-icon-style-xclose ):not( .kt-accodion-icon-style-arrow ) .kt-blocks-accordion-icon-trigger:before{background:#f2f2f2;}.kt-accordion-id_5abc1b-60 .kt-accordion-header-wrap .kt-blocks-accordion-header:hover, .kt-accordion-id_5abc1b-60 .kt-accordion-header-wrap .kt-blocks-accordion-header:focus{color:#444444;background:#eeeeee;border-top:1px solid #eeeeee;border-right:1px solid #eeeeee;border-bottom:1px solid #eeeeee;border-left:2px solid #eeeeee;}.kt-accordion-id_5abc1b-60:not( .kt-accodion-icon-style-basiccircle ):not( .kt-accodion-icon-style-xclosecircle ):not( .kt-accodion-icon-style-arrowcircle ) .kt-blocks-accordion-header:hover .kt-blocks-accordion-icon-trigger:after, .kt-accordion-id_5abc1b-60:not( .kt-accodion-icon-style-basiccircle ):not( .kt-accodion-icon-style-xclosecircle ):not( .kt-accodion-icon-style-arrowcircle ) .kt-blocks-accordion-header:hover .kt-blocks-accordion-icon-trigger:before, .kt-accordion-id_5abc1b-60:not( .kt-accodion-icon-style-basiccircle ):not( .kt-accodion-icon-style-xclosecircle ):not( .kt-accodion-icon-style-arrowcircle ) .kt-blocks-accordion-header:focus .kt-blocks-accordion-icon-trigger:after, .kt-accordion-id_5abc1b-60:not( .kt-accodion-icon-style-basiccircle ):not( .kt-accodion-icon-style-xclosecircle ):not( .kt-accodion-icon-style-arrowcircle ) .kt-blocks-accordion-header:focus .kt-blocks-accordion-icon-trigger:before{background:#444444;}.kt-accordion-id_5abc1b-60:not( .kt-accodion-icon-style-basic ):not( .kt-accodion-icon-style-xclose ):not( .kt-accodion-icon-style-arrow ) .kt-blocks-accordion-header:hover .kt-blocks-accordion-icon-trigger, .kt-accordion-id_5abc1b-60:not( .kt-accodion-icon-style-basic ):not( .kt-accodion-icon-style-xclose ):not( .kt-accodion-icon-style-arrow ) .kt-blocks-accordion-header:focus .kt-blocks-accordion-icon-trigger{background:#444444;}.kt-accordion-id_5abc1b-60:not( .kt-accodion-icon-style-basic ):not( .kt-accodion-icon-style-xclose ):not( .kt-accodion-icon-style-arrow ) .kt-blocks-accordion-header:hover .kt-blocks-accordion-icon-trigger:after, .kt-accordion-id_5abc1b-60:not( .kt-accodion-icon-style-basic ):not( .kt-accodion-icon-style-xclose ):not( .kt-accodion-icon-style-arrow ) .kt-blocks-accordion-header:hover .kt-blocks-accordion-icon-trigger:before, .kt-accordion-id_5abc1b-60:not( .kt-accodion-icon-style-basic ):not( .kt-accodion-icon-style-xclose ):not( .kt-accodion-icon-style-arrow ) .kt-blocks-accordion-header:focus .kt-blocks-accordion-icon-trigger:after, .kt-accordion-id_5abc1b-60:not( .kt-accodion-icon-style-basic ):not( .kt-accodion-icon-style-xclose ):not( .kt-accodion-icon-style-arrow ) .kt-blocks-accordion-header:focus .kt-blocks-accordion-icon-trigger:before{background:#eeeeee;}.kt-accordion-id_5abc1b-60 .kt-accordion-header-wrap .kt-blocks-accordion-header.kt-accordion-panel-active{color:#ffffff;background:#f3690e;border-top:1px solid #f3690e;border-right:1px solid #f3690e;border-bottom:1px solid #f3690e;border-left:2px solid #f3690e;}.kt-accordion-id_5abc1b-60:not( .kt-accodion-icon-style-basiccircle ):not( .kt-accodion-icon-style-xclosecircle ):not( .kt-accodion-icon-style-arrowcircle ) .kt-blocks-accordion-header.kt-accordion-panel-active .kt-blocks-accordion-icon-trigger:after, .kt-accordion-id_5abc1b-60:not( .kt-accodion-icon-style-basiccircle ):not( .kt-accodion-icon-style-xclosecircle ):not( .kt-accodion-icon-style-arrowcircle ) .kt-blocks-accordion-header.kt-accordion-panel-active .kt-blocks-accordion-icon-trigger:before{background:#ffffff;}.kt-accordion-id_5abc1b-60:not( .kt-accodion-icon-style-basic ):not( .kt-accodion-icon-style-xclose ):not( .kt-accodion-icon-style-arrow ) .kt-blocks-accordion-header.kt-accordion-panel-active .kt-blocks-accordion-icon-trigger{background:#ffffff;}.kt-accordion-id_5abc1b-60:not( .kt-accodion-icon-style-basic ):not( .kt-accodion-icon-style-xclose ):not( .kt-accodion-icon-style-arrow ) .kt-blocks-accordion-header.kt-accordion-panel-active .kt-blocks-accordion-icon-trigger:after, .kt-accordion-id_5abc1b-60:not( .kt-accodion-icon-style-basic ):not( .kt-accodion-icon-style-xclose ):not( .kt-accodion-icon-style-arrow ) .kt-blocks-accordion-header.kt-accordion-panel-active .kt-blocks-accordion-icon-trigger:before{background:#f3690e;}@media all and (max-width: 1024px){.kt-accordion-id_5abc1b-60 .kt-accordion-panel-inner{border-top:0px solid transparent;border-right:0px solid transparent;border-bottom:0px solid transparent;border-left:0px solid transparent;}}@media all and (max-width: 1024px){.kt-accordion-id_5abc1b-60 .wp-block-kadence-pane .kt-accordion-header-wrap .kt-blocks-accordion-header{border-top:1px solid #f2f2f2;border-right:1px solid #f2f2f2;border-bottom:1px solid #f2f2f2;border-left:2px solid #f2f2f2;}}@media all and (max-width: 1024px){.kt-accordion-id_5abc1b-60 .kt-accordion-header-wrap .kt-blocks-accordion-header:hover, .kt-accordion-id_5abc1b-60 .kt-accordion-header-wrap .kt-blocks-accordion-header:focus{border-top:1px solid #eeeeee;border-right:1px solid #eeeeee;border-bottom:1px solid #eeeeee;border-left:2px solid #eeeeee;}}@media all and (max-width: 1024px){.kt-accordion-id_5abc1b-60 .kt-accordion-header-wrap .kt-blocks-accordion-header.kt-accordion-panel-active{border-top:1px solid #f3690e;border-right:1px solid #f3690e;border-bottom:1px solid #f3690e;border-left:2px solid #f3690e;}}@media all and (max-width: 767px){.kt-accordion-id_5abc1b-60 .kt-accordion-panel-inner{border-top:0px solid transparent;border-right:0px solid transparent;border-bottom:0px solid transparent;border-left:0px solid transparent;}.kt-accordion-id_5abc1b-60 .wp-block-kadence-pane .kt-accordion-header-wrap .kt-blocks-accordion-header{border-top:1px solid #f2f2f2;border-right:1px solid #f2f2f2;border-bottom:1px solid #f2f2f2;border-left:2px solid #f2f2f2;}.kt-accordion-id_5abc1b-60 .kt-accordion-header-wrap .kt-blocks-accordion-header:hover, .kt-accordion-id_5abc1b-60 .kt-accordion-header-wrap .kt-blocks-accordion-header:focus{border-top:1px solid #eeeeee;border-right:1px solid #eeeeee;border-bottom:1px solid #eeeeee;border-left:2px solid #eeeeee;}.kt-accordion-id_5abc1b-60 .kt-accordion-header-wrap .kt-blocks-accordion-header.kt-accordion-panel-active{border-top:1px solid #f3690e;border-right:1px solid #f3690e;border-bottom:1px solid #f3690e;border-left:2px solid #f3690e;}}<\/style>\n<div class=\"wp-block-kadence-accordion alignnone\"><div class=\"kt-accordion-wrap kt-accordion-id_5abc1b-60 kt-accordion-has-15-panes kt-active-pane-0 kt-accordion-block kt-pane-header-alignment-left kt-accodion-icon-style-basic kt-accodion-icon-side-right\" style=\"max-width:none\"><div class=\"kt-accordion-inner-wrap\" data-allow-multiple-open=\"false\" data-start-open=\"none\">\n<div class=\"wp-block-kadence-pane kt-accordion-pane kt-accordion-pane-13 kt-pane_ab69be-d4\"><div class=\"kt-accordion-header-wrap\"><button class=\"kt-blocks-accordion-header kt-acccordion-button-label-show\"><span class=\"kt-blocks-accordion-title-wrap\"><span class=\"kt-blocks-accordion-title\"><strong>\u00bfQu\u00e9 hace un oste\u00f3pata?<\/strong><\/span><\/span><span class=\"kt-blocks-accordion-icon-trigger\"><\/span><\/button><\/div><div class=\"kt-accordion-panel\"><div class=\"kt-accordion-panel-inner\">\n<p><strong>Un oste\u00f3pata emplea la manipulaci\u00f3n f\u00edsica<\/strong> para aumentar la movilidad de las articulaciones, disminuir la tensi\u00f3n muscular y mejorar el suministro de sangre a los tejidos. El objetivo del tratamiento es mejorar la salud general de todos los sistemas del cuerpo mediante la manipulaci\u00f3n y el fortalecimiento de la estructura musculoesquel\u00e9tica.<\/p>\n<\/div><\/div><\/div>\n\n\n\n<div class=\"wp-block-kadence-pane kt-accordion-pane kt-accordion-pane-14 kt-pane_9203b1-fa\"><div class=\"kt-accordion-header-wrap\"><button class=\"kt-blocks-accordion-header kt-acccordion-button-label-show\"><span class=\"kt-blocks-accordion-title-wrap\"><span class=\"kt-blocks-accordion-title\"><strong>\u00bfQu\u00e9 patolog\u00edas trata la osteopat\u00eda?<\/strong><\/span><\/span><span class=\"kt-blocks-accordion-icon-trigger\"><\/span><\/button><\/div><div class=\"kt-accordion-panel\"><div class=\"kt-accordion-panel-inner\">\n<p>El uso de la osteopat\u00eda est\u00e1 recomendado en pacientes que sufren <strong>artrosis, dolor de cabeza o migra\u00f1a, dolores articulares, dolor de espalda, mareos, v\u00e9rtigos, ci\u00e1tica, etc.<\/strong><\/p>\n<\/div><\/div><\/div>\n<\/div><\/div><\/div>\n<\/div><\/div>\n\n<\/div><\/div>","protected":false},"excerpt":{"rendered":"<p>La osteopat\u00eda es una especialidad que est\u00e1 orientada a restaurar y mantener el equilibrio del cuerpo para conseguir su recuperaci\u00f3n y conservar su capacidad de autorregulaci\u00f3n. A trav\u00e9s de diversos estudios, la osteopat\u00eda identifica las disfunciones o alteraciones \u00f3seas y &hellip; <a href=\"https:\/\/www.clinicaferrersalud.com\/index.php\/osteopatia\/\">Continuar<\/a><\/p>\n","protected":false},"author":1,"featured_media":0,"parent":0,"menu_order":0,"comment_status":"closed","ping_status":"closed","template":"","meta":{"kt_blocks_editor_width":"","footnotes":""},"class_list":["post-177","page","type-page","status-publish","hentry"],"_links":{"self":[{"href":"https:\/\/www.clinicaferrersalud.com\/index.php\/wp-json\/wp\/v2\/pages\/177","targetHints":{"allow":["GET"]}}],"collection":[{"href":"https:\/\/www.clinicaferrersalud.com\/index.php\/wp-json\/wp\/v2\/pages"}],"about":[{"href":"https:\/\/www.clinicaferrersalud.com\/index.php\/wp-json\/wp\/v2\/types\/page"}],"author":[{"embeddable":true,"href":"https:\/\/www.clinicaferrersalud.com\/index.php\/wp-json\/wp\/v2\/users\/1"}],"replies":[{"embeddable":true,"href":"https:\/\/www.clinicaferrersalud.com\/index.php\/wp-json\/wp\/v2\/comments?post=177"}],"version-history":[{"count":4,"href":"https:\/\/www.clinicaferrersalud.com\/index.php\/wp-json\/wp\/v2\/pages\/177\/revisions"}],"predecessor-version":[{"id":915,"href":"https:\/\/www.clinicaferrersalud.com\/index.php\/wp-json\/wp\/v2\/pages\/177\/revisions\/915"}],"wp:attachment":[{"href":"https:\/\/www.clinicaferrersalud.com\/index.php\/wp-json\/wp\/v2\/media?parent=177"}],"curies":[{"name":"wp","href":"https:\/\/api.w.org\/{rel}","templated":true}]}}