{"id":175,"date":"2023-10-18T17:16:41","date_gmt":"2023-10-18T17:16:41","guid":{"rendered":"https:\/\/www.clinicaferrersalud.com\/?page_id=175"},"modified":"2024-07-08T20:58:10","modified_gmt":"2024-07-08T20:58:10","slug":"fisioterapia","status":"publish","type":"page","link":"https:\/\/www.clinicaferrersalud.com\/index.php\/fisioterapia\/","title":{"rendered":"FISIOTERAPIA"},"content":{"rendered":"\n<p>Seg\u00fan la OMS (Organizaci\u00f3n Mundial de la salud), <b>la Fisioterapia es la ciencia y la disciplina perteneciente al \u00e1mbito de las ciencias de la salud para el tratamiento, prevenci\u00f3n, recuperaci\u00f3n y readaptaci\u00f3n mediante agentes f\u00edsicos y manuales<\/b>, de diversas dolencias y alteraciones psicof\u00edsicas, con fines terap\u00e9uticos y cuyo objetivo final ser\u00e1 mejorar su calidad de vida; es decir,&nbsp; la vuelta del paciente a su estado inicial o la incorporaci\u00f3n a su vida cotidiana en las mejores condiciones posibles.<\/p>\n\n\n\n<p>En Clinica FERRERsalud tendremos como objetivo facilitar el desarrollo, mantenimiento, recuperaci\u00f3n y readaptaci\u00f3n de la funcionalidad y movilidad de nuestro paciente con una combinaci\u00f3n de diferentes t\u00e9cnicas, para mejorar el estado de salud, actuando a nivel tanto curativo como preventivo.<\/p>\n\n\n\n<figure class=\"wp-block-gallery has-nested-images columns-default is-cropped wp-block-gallery-1 is-layout-flex wp-block-gallery-is-layout-flex\">\n<figure class=\"wp-block-image size-large\"><img loading=\"lazy\" decoding=\"async\" width=\"1024\" height=\"683\" data-id=\"674\" src=\"https:\/\/www.clinicaferrersalud.com\/wp-content\/uploads\/2024\/02\/Fisioterapia-8-1024x683.jpg\" alt=\"\" class=\"wp-image-674\" srcset=\"https:\/\/www.clinicaferrersalud.com\/wp-content\/uploads\/2024\/02\/Fisioterapia-8-1024x683.jpg 1024w, https:\/\/www.clinicaferrersalud.com\/wp-content\/uploads\/2024\/02\/Fisioterapia-8-300x200.jpg 300w, https:\/\/www.clinicaferrersalud.com\/wp-content\/uploads\/2024\/02\/Fisioterapia-8-768x512.jpg 768w, https:\/\/www.clinicaferrersalud.com\/wp-content\/uploads\/2024\/02\/Fisioterapia-8-1536x1024.jpg 1536w, https:\/\/www.clinicaferrersalud.com\/wp-content\/uploads\/2024\/02\/Fisioterapia-8-2048x1365.jpg 2048w\" sizes=\"auto, (max-width: 1024px) 100vw, 1024px\" \/><\/figure>\n\n\n\n<figure class=\"wp-block-image size-large\"><img loading=\"lazy\" decoding=\"async\" width=\"683\" height=\"1024\" data-id=\"673\" src=\"https:\/\/www.clinicaferrersalud.com\/wp-content\/uploads\/2024\/02\/Fisioterapia-3-683x1024.jpg\" alt=\"\" class=\"wp-image-673\" srcset=\"https:\/\/www.clinicaferrersalud.com\/wp-content\/uploads\/2024\/02\/Fisioterapia-3-683x1024.jpg 683w, https:\/\/www.clinicaferrersalud.com\/wp-content\/uploads\/2024\/02\/Fisioterapia-3-200x300.jpg 200w, https:\/\/www.clinicaferrersalud.com\/wp-content\/uploads\/2024\/02\/Fisioterapia-3-768x1152.jpg 768w, https:\/\/www.clinicaferrersalud.com\/wp-content\/uploads\/2024\/02\/Fisioterapia-3-1024x1536.jpg 1024w, https:\/\/www.clinicaferrersalud.com\/wp-content\/uploads\/2024\/02\/Fisioterapia-3-1365x2048.jpg 1365w, https:\/\/www.clinicaferrersalud.com\/wp-content\/uploads\/2024\/02\/Fisioterapia-3-scaled.jpg 1707w\" sizes=\"auto, (max-width: 683px) 100vw, 683px\" \/><\/figure>\n<\/figure>\n\n\n<style>.kb-row-layout-id_ffd3ac-e4 > .kt-row-column-wrap{align-content:start;}:where(.kb-row-layout-id_ffd3ac-e4 > .kt-row-column-wrap) > .wp-block-kadence-column{justify-content:start;}.kb-row-layout-id_ffd3ac-e4 > .kt-row-column-wrap{column-gap:var(--global-kb-gap-md, 2rem);row-gap:var(--global-kb-gap-md, 2rem);max-width:1140px;padding-top:var(--global-kb-spacing-sm, 1.5rem);padding-bottom:var(--global-kb-spacing-sm, 1.5rem);grid-template-columns:minmax(0, 1fr);}.kb-row-layout-id_ffd3ac-e4 > .kt-row-layout-overlay{opacity:0.30;}@media all and (max-width: 1024px){.kb-row-layout-id_ffd3ac-e4 > .kt-row-column-wrap{grid-template-columns:minmax(0, 1fr);}}@media all and (max-width: 767px){.kb-row-layout-id_ffd3ac-e4 > .kt-row-column-wrap{grid-template-columns:minmax(0, 1fr);}}<\/style><div class=\"kb-row-layout-wrap kb-row-layout-id_ffd3ac-e4 alignnone wp-block-kadence-rowlayout\"><div class=\"kt-row-column-wrap kt-has-1-columns kt-row-layout-equal kt-tab-layout-inherit kt-mobile-layout-row kt-row-valign-top kb-theme-content-width\">\n<style>.kadence-column_2cf9f3-bc > .kt-inside-inner-col,.kadence-column_2cf9f3-bc > .kt-inside-inner-col:before{border-top-left-radius:0px;border-top-right-radius:0px;border-bottom-right-radius:0px;border-bottom-left-radius:0px;}.kadence-column_2cf9f3-bc > .kt-inside-inner-col:before{opacity:0.3;}.kadence-column_2cf9f3-bc{position:relative;}<\/style>\n<div class=\"wp-block-kadence-column kadence-column_2cf9f3-bc inner-column-1\"><div class=\"kt-inside-inner-col\"><style>.kt-accordion-id_15afcc-c2 .kt-accordion-panel-inner{border-top:0px solid transparent;border-right:0px solid transparent;border-bottom:0px solid transparent;border-left:0px solid transparent;background:#fff;padding-top:var(--global-kb-spacing-sm, 1.5rem);padding-right:var(--global-kb-spacing-sm, 1.5rem);padding-bottom:var(--global-kb-spacing-sm, 1.5rem);padding-left:var(--global-kb-spacing-sm, 1.5rem);}.kt-accordion-id_15afcc-c2 .wp-block-kadence-pane .kt-accordion-header-wrap .kt-blocks-accordion-header{border-top:1px solid #f2f2f2;border-right:1px solid #f2f2f2;border-bottom:1px solid #f2f2f2;border-left:2px solid #f2f2f2;border-top-left-radius:6px;border-top-right-radius:6px;border-bottom-right-radius:6px;border-bottom-left-radius:6px;background:#f2f2f2;font-size:18px;line-height:32px;color:#444;padding-top:14px;padding-right:14px;padding-bottom:14px;padding-left:14px;}.kt-accordion-id_15afcc-c2 .kt-accordion-header-wrap{margin-top:10px;}.single-content .wp-block-kadence-pane>h2:first-child,\n\t\t\t.single-content .wp-block-kadence-pane>h3:first-child,\n\t\t\t.single-content .wp-block-kadence-pane>h4:first-child,\n\t\t\t.single-content .wp-block-kadence-pane>h5:first-child,\n\t\t\t.single-content .wp-block-kadence-pane>h6:first-child{margin-top:10px;}.kt-accordion-id_15afcc-c2:not( .kt-accodion-icon-style-basiccircle ):not( .kt-accodion-icon-style-xclosecircle ):not( .kt-accodion-icon-style-arrowcircle ) .kt-blocks-accordion-icon-trigger:after, .kt-accordion-id_15afcc-c2:not( .kt-accodion-icon-style-basiccircle ):not( .kt-accodion-icon-style-xclosecircle ):not( .kt-accodion-icon-style-arrowcircle ) .kt-blocks-accordion-icon-trigger:before{background:#444;}.kt-accordion-id_15afcc-c2:not( .kt-accodion-icon-style-basic ):not( .kt-accodion-icon-style-xclose ):not( .kt-accodion-icon-style-arrow ) .kt-blocks-accordion-icon-trigger{background:#444;}.kt-accordion-id_15afcc-c2:not( .kt-accodion-icon-style-basic ):not( .kt-accodion-icon-style-xclose ):not( .kt-accodion-icon-style-arrow ) .kt-blocks-accordion-icon-trigger:after, .kt-accordion-id_15afcc-c2:not( .kt-accodion-icon-style-basic ):not( .kt-accodion-icon-style-xclose ):not( .kt-accodion-icon-style-arrow ) .kt-blocks-accordion-icon-trigger:before{background:#f2f2f2;}.kt-accordion-id_15afcc-c2 .kt-accordion-header-wrap .kt-blocks-accordion-header:hover, .kt-accordion-id_15afcc-c2 .kt-accordion-header-wrap .kt-blocks-accordion-header:focus{color:#444444;background:#eeeeee;border-top:1px solid #eeeeee;border-right:1px solid #eeeeee;border-bottom:1px solid #eeeeee;border-left:2px solid #eeeeee;}.kt-accordion-id_15afcc-c2:not( .kt-accodion-icon-style-basiccircle ):not( .kt-accodion-icon-style-xclosecircle ):not( .kt-accodion-icon-style-arrowcircle ) .kt-blocks-accordion-header:hover .kt-blocks-accordion-icon-trigger:after, .kt-accordion-id_15afcc-c2:not( .kt-accodion-icon-style-basiccircle ):not( .kt-accodion-icon-style-xclosecircle ):not( .kt-accodion-icon-style-arrowcircle ) .kt-blocks-accordion-header:hover .kt-blocks-accordion-icon-trigger:before, .kt-accordion-id_15afcc-c2:not( .kt-accodion-icon-style-basiccircle ):not( .kt-accodion-icon-style-xclosecircle ):not( .kt-accodion-icon-style-arrowcircle ) .kt-blocks-accordion-header:focus .kt-blocks-accordion-icon-trigger:after, .kt-accordion-id_15afcc-c2:not( .kt-accodion-icon-style-basiccircle ):not( .kt-accodion-icon-style-xclosecircle ):not( .kt-accodion-icon-style-arrowcircle ) .kt-blocks-accordion-header:focus .kt-blocks-accordion-icon-trigger:before{background:#444444;}.kt-accordion-id_15afcc-c2:not( .kt-accodion-icon-style-basic ):not( .kt-accodion-icon-style-xclose ):not( .kt-accodion-icon-style-arrow ) .kt-blocks-accordion-header:hover .kt-blocks-accordion-icon-trigger, .kt-accordion-id_15afcc-c2:not( .kt-accodion-icon-style-basic ):not( .kt-accodion-icon-style-xclose ):not( .kt-accodion-icon-style-arrow ) .kt-blocks-accordion-header:focus .kt-blocks-accordion-icon-trigger{background:#444444;}.kt-accordion-id_15afcc-c2:not( .kt-accodion-icon-style-basic ):not( .kt-accodion-icon-style-xclose ):not( .kt-accodion-icon-style-arrow ) .kt-blocks-accordion-header:hover .kt-blocks-accordion-icon-trigger:after, .kt-accordion-id_15afcc-c2:not( .kt-accodion-icon-style-basic ):not( .kt-accodion-icon-style-xclose ):not( .kt-accodion-icon-style-arrow ) .kt-blocks-accordion-header:hover .kt-blocks-accordion-icon-trigger:before, .kt-accordion-id_15afcc-c2:not( .kt-accodion-icon-style-basic ):not( .kt-accodion-icon-style-xclose ):not( .kt-accodion-icon-style-arrow ) .kt-blocks-accordion-header:focus .kt-blocks-accordion-icon-trigger:after, .kt-accordion-id_15afcc-c2:not( .kt-accodion-icon-style-basic ):not( .kt-accodion-icon-style-xclose ):not( .kt-accodion-icon-style-arrow ) .kt-blocks-accordion-header:focus .kt-blocks-accordion-icon-trigger:before{background:#eeeeee;}.kt-accordion-id_15afcc-c2 .kt-accordion-header-wrap .kt-blocks-accordion-header.kt-accordion-panel-active{color:#ffffff;background:#f3690e;border-top:1px solid #f3690e;border-right:1px solid #f3690e;border-bottom:1px solid #f3690e;border-left:2px solid #f3690e;}.kt-accordion-id_15afcc-c2:not( .kt-accodion-icon-style-basiccircle ):not( .kt-accodion-icon-style-xclosecircle ):not( .kt-accodion-icon-style-arrowcircle ) .kt-blocks-accordion-header.kt-accordion-panel-active .kt-blocks-accordion-icon-trigger:after, .kt-accordion-id_15afcc-c2:not( .kt-accodion-icon-style-basiccircle ):not( .kt-accodion-icon-style-xclosecircle ):not( .kt-accodion-icon-style-arrowcircle ) .kt-blocks-accordion-header.kt-accordion-panel-active .kt-blocks-accordion-icon-trigger:before{background:#ffffff;}.kt-accordion-id_15afcc-c2:not( .kt-accodion-icon-style-basic ):not( .kt-accodion-icon-style-xclose ):not( .kt-accodion-icon-style-arrow ) .kt-blocks-accordion-header.kt-accordion-panel-active .kt-blocks-accordion-icon-trigger{background:#ffffff;}.kt-accordion-id_15afcc-c2:not( .kt-accodion-icon-style-basic ):not( .kt-accodion-icon-style-xclose ):not( .kt-accodion-icon-style-arrow ) .kt-blocks-accordion-header.kt-accordion-panel-active .kt-blocks-accordion-icon-trigger:after, .kt-accordion-id_15afcc-c2:not( .kt-accodion-icon-style-basic ):not( .kt-accodion-icon-style-xclose ):not( .kt-accodion-icon-style-arrow ) .kt-blocks-accordion-header.kt-accordion-panel-active .kt-blocks-accordion-icon-trigger:before{background:#f3690e;}@media all and (max-width: 1024px){.kt-accordion-id_15afcc-c2 .kt-accordion-panel-inner{border-top:0px solid transparent;border-right:0px solid transparent;border-bottom:0px solid transparent;border-left:0px solid transparent;}}@media all and (max-width: 1024px){.kt-accordion-id_15afcc-c2 .wp-block-kadence-pane .kt-accordion-header-wrap .kt-blocks-accordion-header{border-top:1px solid #f2f2f2;border-right:1px solid #f2f2f2;border-bottom:1px solid #f2f2f2;border-left:2px solid #f2f2f2;}}@media all and (max-width: 1024px){.kt-accordion-id_15afcc-c2 .kt-accordion-header-wrap .kt-blocks-accordion-header:hover, .kt-accordion-id_15afcc-c2 .kt-accordion-header-wrap .kt-blocks-accordion-header:focus{border-top:1px solid #eeeeee;border-right:1px solid #eeeeee;border-bottom:1px solid #eeeeee;border-left:2px solid #eeeeee;}}@media all and (max-width: 1024px){.kt-accordion-id_15afcc-c2 .kt-accordion-header-wrap .kt-blocks-accordion-header.kt-accordion-panel-active{border-top:1px solid #f3690e;border-right:1px solid #f3690e;border-bottom:1px solid #f3690e;border-left:2px solid #f3690e;}}@media all and (max-width: 767px){.kt-accordion-id_15afcc-c2 .kt-accordion-panel-inner{border-top:0px solid transparent;border-right:0px solid transparent;border-bottom:0px solid transparent;border-left:0px solid transparent;}.kt-accordion-id_15afcc-c2 .wp-block-kadence-pane .kt-accordion-header-wrap .kt-blocks-accordion-header{border-top:1px solid #f2f2f2;border-right:1px solid #f2f2f2;border-bottom:1px solid #f2f2f2;border-left:2px solid #f2f2f2;}.kt-accordion-id_15afcc-c2 .kt-accordion-header-wrap .kt-blocks-accordion-header:hover, .kt-accordion-id_15afcc-c2 .kt-accordion-header-wrap .kt-blocks-accordion-header:focus{border-top:1px solid #eeeeee;border-right:1px solid #eeeeee;border-bottom:1px solid #eeeeee;border-left:2px solid #eeeeee;}.kt-accordion-id_15afcc-c2 .kt-accordion-header-wrap .kt-blocks-accordion-header.kt-accordion-panel-active{border-top:1px solid #f3690e;border-right:1px solid #f3690e;border-bottom:1px solid #f3690e;border-left:2px solid #f3690e;}}<\/style>\n<div class=\"wp-block-kadence-accordion alignnone\"><div class=\"kt-accordion-wrap kt-accordion-id_15afcc-c2 kt-accordion-has-15-panes kt-active-pane-0 kt-accordion-block kt-pane-header-alignment-left kt-accodion-icon-style-basic kt-accodion-icon-side-right\" style=\"max-width:none\"><div class=\"kt-accordion-inner-wrap\" data-allow-multiple-open=\"false\" data-start-open=\"none\">\n<div class=\"wp-block-kadence-pane kt-accordion-pane kt-accordion-pane-13 kt-pane_9c266d-d8\"><div class=\"kt-accordion-header-wrap\"><button class=\"kt-blocks-accordion-header kt-acccordion-button-label-show\"><span class=\"kt-blocks-accordion-title-wrap\"><span class=\"kt-blocks-accordion-title\"><strong>\u00bfQui\u00e9n es el Fisioterapeuta?<\/strong><\/span><\/span><span class=\"kt-blocks-accordion-icon-trigger\"><\/span><\/button><\/div><div class=\"kt-accordion-panel\"><div class=\"kt-accordion-panel-inner\">\n<p><strong>El Fisioterapeuta es el profesional universitario<\/strong>, que estando en posesi\u00f3n del T\u00edtulo Universitario Oficial de Fisioterapeuta y <strong>estando inscrito en el colegio profesional de su comunidad aut\u00f3noma pertinente<\/strong>, desarrolla cualquier faceta de su profesi\u00f3n en sus \u00e1mbitos de actuaci\u00f3n utilizando los conocimientos adquiridos en su formaci\u00f3n. &nbsp;<\/p>\n\n\n\n<p>En Cl\u00ednica FERRERsalud, los fisioterapeutas adem\u00e1s de haber desarrollado sus estudios universitarios, han desarrollado una profunda especializaci\u00f3n en diversas \u00e1reas, con el f\u00edn de especializarse en determinados \u00e1mbitos cl\u00ednicos y poder ofrecer la mejor asistencia cl\u00ednica. Pinche en este enlace para ver el curriculum del equipo de <a href=\"https:\/\/www.clinicaferrersalud.com\/\">Cl\u00ednica FERRERsalud<\/a>.<\/p>\n<\/div><\/div><\/div>\n\n\n\n<div class=\"wp-block-kadence-pane kt-accordion-pane kt-accordion-pane-14 kt-pane_46524d-4c\"><div class=\"kt-accordion-header-wrap\"><button class=\"kt-blocks-accordion-header kt-acccordion-button-label-show\"><span class=\"kt-blocks-accordion-title-wrap\"><span class=\"kt-blocks-accordion-title\"><strong>\u00bfQu\u00e9 \u00e1reas tratamos?<\/strong><\/span><\/span><span class=\"kt-blocks-accordion-icon-trigger\"><\/span><\/button><\/div><div class=\"kt-accordion-panel\"><div class=\"kt-accordion-panel-inner\">\n<p>A continuaci\u00f3n, explicamos brevemente aquellas especialidades de Fisioterapia en las cual estamos especializados.<\/p>\n\n\n\n<ul class=\"wp-block-list\">\n<li><strong>Fisioterapia deportiva<\/strong>: trabajamos tanto en la recuperaci\u00f3n de lesiones en deportistas lesionados como en el asesoramiento de deportistas sanos con el fin de evitar lesiones, es decir, trabajando la prevenci\u00f3n.<\/li>\n\n\n\n<li><strong>Fisioterapia traumatol\u00f3gica:<\/strong> se dedica al tratamiento de pacientes que sufran alg\u00fan tipo de patolog\u00eda traum\u00e1tica. Las patolog\u00edas m\u00e1s comunes a la par que exitosas del tratamiento de la fisioterapia son los esguinces, fracturas, luxaciones, etc.<\/li>\n\n\n\n<li><strong>Fisioterapia postquir\u00fargica<\/strong>: una especialidad muy demandada en nuestra cl\u00ednica. Destinada a aquellos pacientes que necesitas fisioterapia despu\u00e9s de una intervenci\u00f3n quir\u00fargica, c\u00f3mo por ejemplo, pr\u00f3tesis, intervenciones por fracturas abiertas, etc.<\/li>\n\n\n\n<li><strong>Fisioterapia geri\u00e1trica<\/strong>: destinada a mejorar la p\u00e9rdida de movilidad y funcionalidad del paciente anciano.<\/li>\n\n\n\n<li><strong>Fisioterapia Reumatol\u00f3gica:<\/strong> en lesiones tan comunes como la artrosis, artritis, fibromialgia, calcificaciones, osteoporosis, etc.<\/li>\n\n\n\n<li><strong>Y otras muchas m\u00e1s patolog\u00edas<\/strong>\u2026. \u00bfTienes dudas de si trabajamos la lesi\u00f3n que sufres? Ll\u00e1manos o env\u00edanos un mensaje y te resolveremos todas tus dudas.<\/li>\n<\/ul>\n<\/div><\/div><\/div>\n\n\n\n<div class=\"wp-block-kadence-pane kt-accordion-pane kt-accordion-pane-15 kt-pane_69d67b-f0\"><div class=\"kt-accordion-header-wrap\"><button class=\"kt-blocks-accordion-header kt-acccordion-button-label-show\"><span class=\"kt-blocks-accordion-title-wrap\"><span class=\"kt-blocks-accordion-title\">\u00bf<strong>C\u00f3mo es una sesi\u00f3n de fisioterapia en nuestra cl\u00ednica?<\/strong><\/span><\/span><span class=\"kt-blocks-accordion-icon-trigger\"><\/span><\/button><\/div><div class=\"kt-accordion-panel\"><div class=\"kt-accordion-panel-inner\">\n<p>Las sesiones en Cl\u00ednica FERRERsalud <strong>siempre son personalizadas a cada paciente<\/strong>, entendiendo que cada patolog\u00eda y cada paciente merecen una evaluaci\u00f3n y tratamiento distinto.<\/p>\n\n\n\n<p><strong>Se empiezan con una entrevista al paciente y una exploraci\u00f3n f\u00edsica posterior<\/strong>, y en los casos donde es necesario, <strong>tambi\u00e9n se realiza una exploraci\u00f3n ecogr\u00e1fica, y si fuera necesario<\/strong>, tambi\u00e9n una evaluaci\u00f3n radiol\u00f3gica. En cl\u00ednica FERRERsalud contamos con la \u00faltima tecnolog\u00eda para poder brindar la mejor atenci\u00f3n cl\u00ednica a nuestros pacientes. Esto es muy importante porque nos ayuda mucho en el diagn\u00f3stico y origen de la lesi\u00f3n.<\/p>\n\n\n\n<p>Posteriormente, empezamos con el tratamiento, que puede ser diverso seg\u00fan el paciente y la patolog\u00eda. Entre las diferentes t\u00e9cnicas que podemos llegar a utilizar, est\u00e1n las siguientes:<\/p>\n\n\n\n<ul class=\"wp-block-list\">\n<li>Terapia manual, como la osteopat\u00eda o la terapia manual ortop\u00e9dica.<\/li>\n\n\n\n<li>Terapia fascial<\/li>\n\n\n\n<li>Estiramientos<\/li>\n\n\n\n<li>Ejercicio terap\u00e9utico<\/li>\n\n\n\n<li>Fibr\u00f3lisis diacut\u00e1nea<\/li>\n\n\n\n<li>Punci\u00f3n seca<\/li>\n\n\n\n<li>T\u00e9cnicas invasivas, como la electr\u00f3lisis percut\u00e1nea<\/li>\n\n\n\n<li>T\u00e9cnicas ecoguiadas<\/li>\n\n\n\n<li>Etc<\/li>\n<\/ul>\n<\/div><\/div><\/div>\n<\/div><\/div><\/div>\n<\/div><\/div>\n\n<\/div><\/div>\n\n\n<p><\/p>\n","protected":false},"excerpt":{"rendered":"<p>Seg\u00fan la OMS (Organizaci\u00f3n Mundial de la salud), la Fisioterapia es la ciencia y la disciplina perteneciente al \u00e1mbito de las ciencias de la salud para el tratamiento, prevenci\u00f3n, recuperaci\u00f3n y readaptaci\u00f3n mediante agentes f\u00edsicos y manuales, de diversas dolencias &hellip; <a href=\"https:\/\/www.clinicaferrersalud.com\/index.php\/fisioterapia\/\">Continuar<\/a><\/p>\n","protected":false},"author":1,"featured_media":0,"parent":0,"menu_order":0,"comment_status":"closed","ping_status":"closed","template":"","meta":{"kt_blocks_editor_width":"","footnotes":""},"class_list":["post-175","page","type-page","status-publish","hentry"],"_links":{"self":[{"href":"https:\/\/www.clinicaferrersalud.com\/index.php\/wp-json\/wp\/v2\/pages\/175","targetHints":{"allow":["GET"]}}],"collection":[{"href":"https:\/\/www.clinicaferrersalud.com\/index.php\/wp-json\/wp\/v2\/pages"}],"about":[{"href":"https:\/\/www.clinicaferrersalud.com\/index.php\/wp-json\/wp\/v2\/types\/page"}],"author":[{"embeddable":true,"href":"https:\/\/www.clinicaferrersalud.com\/index.php\/wp-json\/wp\/v2\/users\/1"}],"replies":[{"embeddable":true,"href":"https:\/\/www.clinicaferrersalud.com\/index.php\/wp-json\/wp\/v2\/comments?post=175"}],"version-history":[{"count":10,"href":"https:\/\/www.clinicaferrersalud.com\/index.php\/wp-json\/wp\/v2\/pages\/175\/revisions"}],"predecessor-version":[{"id":910,"href":"https:\/\/www.clinicaferrersalud.com\/index.php\/wp-json\/wp\/v2\/pages\/175\/revisions\/910"}],"wp:attachment":[{"href":"https:\/\/www.clinicaferrersalud.com\/index.php\/wp-json\/wp\/v2\/media?parent=175"}],"curies":[{"name":"wp","href":"https:\/\/api.w.org\/{rel}","templated":true}]}}