{"id":172,"date":"2023-10-18T17:11:41","date_gmt":"2023-10-18T17:11:41","guid":{"rendered":"https:\/\/www.clinicaferrersalud.com\/?page_id=172"},"modified":"2024-03-25T16:46:32","modified_gmt":"2024-03-25T16:46:32","slug":"podologia-infantil","status":"publish","type":"page","link":"https:\/\/www.clinicaferrersalud.com\/index.php\/podologia-infantil\/","title":{"rendered":"PODOLOG\u00cdA INFANTIL"},"content":{"rendered":"\n<p><p class=\"MsoNormal\"><\/p><\/p>\n\n\n\n<p><strong><em>\u201cLa prevenci\u00f3n es la mejor de todas las medicinas\u201d<\/em><\/strong><\/p>\n\n\n\n<p>Un seguimiento de la evoluci\u00f3n de la pisada de los ni\u00f1os es de lo m\u00e1s importante que deber\u00edan hacer los padres con sus hijos, porque detectar una patolog\u00eda a tiempo puede marcar la diferencia entre aplicar un tratamiento para solucionar de ra\u00edz ese problema o no.<\/p>\n\n\n\n<p><strong>Si se realiza el diagn\u00f3stico y tratamiento adecuado de forma precoz<\/strong>, la mayor parte de problemas en los pies y la marcha <strong>pueden solucionarse mediante tratamientos sencillos<\/strong> como ejercicios adaptados, plantillas personalizadas o f\u00e9rulas, entre otros.<\/p>\n\n\n\n<p><strong>Aunque no se detecte ninguna anomal\u00eda en la marcha del ni\u00f1o es importante realizar un estudio biomec\u00e1nico de la pisada.<\/strong> Los pies de los ni\u00f1os est\u00e1n en constante evoluci\u00f3n y son muy el\u00e1sticos; y quiz\u00e1 en un primer momento no refieren ning\u00fan dolor, pero es mejor asegurarnos de la adecuada marcha del ni\u00f1o y realizar revisiones peri\u00f3dicas.<\/p>\n\n\n\n<p><strong>\n\u00bfCu\u00e1l es la edad indicada para la primera visita al pod\u00f3logo infantil?<\/strong><\/p>\n\n\n\n<p>La edad \u00f3ptima, si no existen se\u00f1ales de alarma previos, es a los 4 a\u00f1os de edad y si todo esta correcto deber\u00edamos hacer otra revisi\u00f3n antes de los 7 a\u00f1os. Es recomendable, para evitar posibles patolog\u00edas en edad adulta, <strong>acudir a consulta si sospechan que su hijo tiene los siguientes signos o s\u00edntomas<\/strong>, independientemente de la edad:<\/p>\n\n\n\n<ul class=\"wp-block-list\">\n<li>No camina bien.<\/li>\n\n\n\n<li>Se cae con facilidad.<\/li>\n\n\n\n<li>Suele ser torpe al andar o en deportes de carrera<\/li>\n\n\n\n<li>Anda de puntillas<\/li>\n\n\n\n<li>Tiene sintomatolog\u00eda dolorosa<\/li>\n\n\n\n<li>Tiene desgastes asim\u00e9tricos en el calzado.\u2026<\/li>\n<\/ul>\n\n\n\n<h2>\u00bfCu\u00e1les son las patolog\u00edas m\u00e1s frecuentes que solemos ver en edad infantil?<\/h2>\n\n\n<style>.kb-row-layout-id_e85839-9a > .kt-row-column-wrap{align-content:start;}:where(.kb-row-layout-id_e85839-9a > .kt-row-column-wrap) > .wp-block-kadence-column{justify-content:start;}.kb-row-layout-id_e85839-9a > .kt-row-column-wrap{column-gap:var(--global-kb-gap-md, 2rem);row-gap:var(--global-kb-gap-md, 2rem);max-width:1140px;padding-top:var(--global-kb-spacing-sm, 1.5rem);padding-bottom:var(--global-kb-spacing-sm, 1.5rem);grid-template-columns:minmax(0, 1fr);}.kb-row-layout-id_e85839-9a > .kt-row-layout-overlay{opacity:0.30;}@media all and (max-width: 1024px){.kb-row-layout-id_e85839-9a > .kt-row-column-wrap{grid-template-columns:minmax(0, 1fr);}}@media all and (max-width: 767px){.kb-row-layout-id_e85839-9a > .kt-row-column-wrap{grid-template-columns:minmax(0, 1fr);}}<\/style><div class=\"kb-row-layout-wrap kb-row-layout-id_e85839-9a alignnone wp-block-kadence-rowlayout\"><div class=\"kt-row-column-wrap kt-has-1-columns kt-row-layout-equal kt-tab-layout-inherit kt-mobile-layout-row kt-row-valign-top kb-theme-content-width\">\n<style>.kadence-column_39d26c-16 > .kt-inside-inner-col,.kadence-column_39d26c-16 > .kt-inside-inner-col:before{border-top-left-radius:0px;border-top-right-radius:0px;border-bottom-right-radius:0px;border-bottom-left-radius:0px;}.kadence-column_39d26c-16 > .kt-inside-inner-col:before{opacity:0.3;}.kadence-column_39d26c-16{position:relative;}<\/style>\n<div class=\"wp-block-kadence-column kadence-column_39d26c-16 inner-column-1\"><div class=\"kt-inside-inner-col\"><style>.kt-tabs-id_38d372-d5 > .kt-tabs-content-wrap > .wp-block-kadence-tab{border-top:1px solid #bbbbbb;border-right:1px solid #bbbbbb;border-bottom:1px solid #bbbbbb;border-left:1px solid #bbbbbb;border-top-left-radius:0px;border-top-right-radius:0px;border-bottom-right-radius:0px;border-bottom-left-radius:0px;padding-top:20px;padding-right:20px;padding-bottom:20px;padding-left:20px;background:#fff;}.wp-block-kadence-tabs .kt-tabs-id_38d372-d5 > .kt-tabs-title-list li .kt-tab-title, .wp-block-kadence-tabs .kt-tabs-id_38d372-d5 > .kt-tabs-content-wrap > .kt-tabs-accordion-title .kt-tab-title{font-size:22px;line-height:35px;font-family:Montserrat;font-weight:400;font-style:normal;padding-top:10px;padding-right:20px;padding-bottom:11px;padding-left:20px;border-color:#14a0b2;color:#fff;background:#008c9e;}.wp-block-kadence-tabs .kt-tabs-id_38d372-d5 > .kt-tabs-title-list li .kt-tab-title:hover, .wp-block-kadence-tabs .kt-tabs-id_38d372-d5 > .kt-tabs-content-wrap > .kt-tabs-accordion-title .kt-tab-title:hover{border-color:#14a0b2;color:#fff;background:#14a0b2;}.wp-block-kadence-tabs .kt-tabs-id_38d372-d5 > .kt-tabs-title-list li.kt-tab-title-active .kt-tab-title, .wp-block-kadence-tabs .kt-tabs-id_38d372-d5 > .kt-tabs-content-wrap > .kt-tabs-accordion-title.kt-tab-title-active .kt-tab-title{border-color:#bbbbbb;color:#444;background:#fff;}@media all and (max-width: 1024px){.kt-tabs-id_38d372-d5 > .kt-tabs-content-wrap > .wp-block-kadence-tab{border-top:1px solid #bbbbbb;border-right:1px solid #bbbbbb;border-bottom:1px solid #bbbbbb;border-left:1px solid #bbbbbb;}}@media all and (max-width: 767px){.kt-tabs-id_38d372-d5 > .kt-tabs-content-wrap > .wp-block-kadence-tab{border-top:1px solid #bbbbbb;border-right:1px solid #bbbbbb;border-bottom:1px solid #bbbbbb;border-left:1px solid #bbbbbb;}}<\/style>\n<div class=\"wp-block-kadence-tabs alignnone\"><div class=\"kt-tabs-wrap kt-tabs-id_38d372-d5 kt-tabs-has-4-tabs kt-active-tab-2 kt-tabs-layout-tabs kt-tabs-tablet-layout-inherit kt-tabs-mobile-layout-accordion kt-tab-alignment-left kt-create-accordion\"><ul class=\"kt-tabs-title-list\"><li id=\"tab-objectobject\" class=\"kt-title-item kt-title-item-1 kt-tabs-svg-show-always kt-tabs-icon-side-right kt-tab-title-inactive\"><a href=\"#tab-objectobject\" data-tab=\"1\" class=\"kt-tab-title kt-tab-title-1 \"><span class=\"kt-title-text\"><strong>PIE PLANO<\/strong><\/span><\/a><\/li><li id=\"tab-objectobject\" class=\"kt-title-item kt-title-item-2 kt-tabs-svg-show-always kt-tabs-icon-side-right kt-tab-title-active\"><a href=\"#tab-objectobject\" data-tab=\"2\" class=\"kt-tab-title kt-tab-title-2 \"><span class=\"kt-title-text\"><strong>MARCHA EN ADDUCCI\u00d3N<\/strong><\/span><\/a><\/li><li id=\"tab-objectobject\" class=\"kt-title-item kt-title-item-3 kt-tabs-svg-show-always kt-tabs-icon-side-right kt-tab-title-inactive\"><a href=\"#tab-objectobject\" data-tab=\"3\" class=\"kt-tab-title kt-tab-title-3 \"><span class=\"kt-title-text\"><strong>GENU VALGO<\/strong><\/span><\/a><\/li><li id=\"tab-stronggenuvarostrong\" class=\"kt-title-item kt-title-item-4 kt-tabs-svg-show-always kt-tabs-icon-side-right kt-tab-title-inactive\"><a href=\"#tab-stronggenuvarostrong\" data-tab=\"4\" class=\"kt-tab-title kt-tab-title-4 \"><span class=\"kt-title-text\"><strong>GENU VARO<\/strong><\/span><\/a><\/li><\/ul><div class=\"kt-tabs-content-wrap\">\n<div class=\"wp-block-kadence-tab kt-tab-inner-content kt-inner-tab-1 kt-inner-tab_421b3e-11\"><div class=\"kt-tab-inner-content-inner\">\n<div class=\"wp-block-columns is-layout-flex wp-container-core-columns-is-layout-9d6595d7 wp-block-columns-is-layout-flex\">\n<div class=\"wp-block-column is-layout-flow wp-block-column-is-layout-flow\" style=\"flex-basis:50%\">\n<p><\/p>\n\n\n\n<p><\/p>\n\n\n\n<p>T\u00e9rmino gen\u00e9rico que hace referencia a la disminuci\u00f3n de arco interno del pie, d\u00e1ndole aspecto de aplanado o incluso de contactar con el suelo. <strong>El pie plano en ni\u00f1os suele adem\u00e1s acompa\u00f1arse de un retropi\u00e9 valgo (tal\u00f3n cae hacia adentro)<\/strong>, y desgasta el calzado por la parte interna, siendo este uno de los signos que m\u00e1s alertan a los padres. El pie plano se considera fisiol\u00f3gico en algunas etapas iniciales del desarrollo, aunque si es severo, si presenta sintomatolog\u00eda o si no desaparece a medida que el ni\u00f1o va evolucionando, es necesario revisar peri\u00f3dicamente e instaurar un tratamiento que controle esa sintomatolog\u00eda o evoluci\u00f3n.<\/p>\n\n\n\n<p>Los tipos de pie plano pueden ser muy variados, aunque a la hora de poner un tratamiento, el abordaje ser\u00e1 bastante similar. La deformidad en s\u00ed misma no desaparece salvo la propia evoluci\u00f3n del crecimiento, pero el tratamiento ayuda a compensar el trabajo que realiza ese pie, haci\u00e9ndole que trabaje de una forma m\u00e1s correcta y disminuyendo la sintomatolog\u00eda.<\/p>\n<\/div>\n\n\n\n<div class=\"wp-block-column is-layout-flow wp-block-column-is-layout-flow\" style=\"flex-basis:50%\">\n<figure class=\"wp-block-image size-large\"><img loading=\"lazy\" decoding=\"async\" width=\"1024\" height=\"683\" src=\"https:\/\/www.clinicaferrersalud.com\/wp-content\/uploads\/2024\/01\/PPI-1024x683.jpg\" alt=\"\" class=\"wp-image-530\" srcset=\"https:\/\/www.clinicaferrersalud.com\/wp-content\/uploads\/2024\/01\/PPI-1024x683.jpg 1024w, https:\/\/www.clinicaferrersalud.com\/wp-content\/uploads\/2024\/01\/PPI-300x200.jpg 300w, https:\/\/www.clinicaferrersalud.com\/wp-content\/uploads\/2024\/01\/PPI-768x512.jpg 768w, https:\/\/www.clinicaferrersalud.com\/wp-content\/uploads\/2024\/01\/PPI-1536x1024.jpg 1536w, https:\/\/www.clinicaferrersalud.com\/wp-content\/uploads\/2024\/01\/PPI-2048x1365.jpg 2048w\" sizes=\"auto, (max-width: 1024px) 100vw, 1024px\" \/><\/figure>\n<\/div>\n<\/div>\n\n\n\n<p><strong>El tratamiento conservador consiste en realizar unas plantillas (soportes plantares)<\/strong> que coloquen el tal\u00f3n en una posici\u00f3n correcta, <strong>adem\u00e1s de acompa\u00f1arlo con estiramientos y ejercicios musculares que fortalezcan la musculatura<\/strong> para que ayuden a mantener el arco del pie. <strong>Es importante tambi\u00e9n asociar la calzadoterapia<\/strong>, buscando zapatos que tengan contrafuerte y ayuden a controlar los movimientos bruscos del pie. Siguiendo este algoritmo, y siguiendo de cerca el crecimiento de este pie, el pron\u00f3stico suele ser bastante bueno, aunque en un porcentaje muy bajo y en los casos m\u00e1s severos, puede ser necesaria la correcci\u00f3n quir\u00fargica de la deformidad<\/p>\n<\/div><\/div>\n\n\n\n<div class=\"wp-block-kadence-tab kt-tab-inner-content kt-inner-tab-2 kt-inner-tab_ae62f4-64\"><div class=\"kt-tab-inner-content-inner\"><style>.kb-row-layout-id_581525-4a > .kt-row-column-wrap{align-content:start;}:where(.kb-row-layout-id_581525-4a > .kt-row-column-wrap) > .wp-block-kadence-column{justify-content:start;}.kb-row-layout-id_581525-4a > .kt-row-column-wrap{column-gap:var(--global-kb-gap-md, 2rem);row-gap:var(--global-kb-gap-md, 2rem);padding-top:var(--global-kb-spacing-sm, 1.5rem);padding-bottom:var(--global-kb-spacing-sm, 1.5rem);grid-template-columns:minmax(0, 1fr);}.kb-row-layout-id_581525-4a > .kt-row-layout-overlay{opacity:0.30;}@media all and (max-width: 1024px){.kb-row-layout-id_581525-4a > .kt-row-column-wrap{grid-template-columns:minmax(0, 1fr);}}@media all and (max-width: 767px){.kb-row-layout-id_581525-4a > .kt-row-column-wrap{grid-template-columns:minmax(0, 1fr);}}<\/style><div class=\"kb-row-layout-wrap kb-row-layout-id_581525-4a alignnone wp-block-kadence-rowlayout\"><div class=\"kt-row-column-wrap kt-has-1-columns kt-row-layout-equal kt-tab-layout-inherit kt-mobile-layout-row kt-row-valign-top\">\n<style>.kadence-column_2dd475-a8 > .kt-inside-inner-col,.kadence-column_2dd475-a8 > .kt-inside-inner-col:before{border-top-left-radius:0px;border-top-right-radius:0px;border-bottom-right-radius:0px;border-bottom-left-radius:0px;}.kadence-column_2dd475-a8 > .kt-inside-inner-col:before{opacity:0.3;}.kadence-column_2dd475-a8{position:relative;}<\/style>\n<div class=\"wp-block-kadence-column kadence-column_2dd475-a8 inner-column-1\"><div class=\"kt-inside-inner-col\">\n<div class=\"wp-block-columns is-layout-flex wp-container-core-columns-is-layout-9d6595d7 wp-block-columns-is-layout-flex\">\n<div class=\"wp-block-column is-layout-flow wp-block-column-is-layout-flow\" style=\"flex-basis:50%\">\n<p><strong>Es una deformidad frecuente, que consiste en la desviaci\u00f3n hacia dentro del pie a la hora de realizar la marcha<\/strong>. El pie, visualmente en parado, puede aparentar completa normalidad, pero en estadios m\u00e1s avanzados, puede tener forma de jud\u00eda o habichuela (con el borde externo convexo y el borde interno c\u00f3ncavo), y puede dar algunos problemas al calzarse, ya que presentar\u00e1 excesiva presi\u00f3n en esa zona, pudiendo aparecer zonas de sobrecarga y desgaste del calzado.<\/p>\n\n\n\n<p>En esta deformidad intervienen factores gen\u00e9ticos, mec\u00e1nicos y posturales, tanto intrauterinos del beb\u00e9 durante el embarazo, como con las posiciones que adopta el ni\u00f1o durante el sue\u00f1o o el juego (dormir boca abajo, favorece esta desviaci\u00f3n).<\/p>\n\n\n\n<p>El antepi\u00e9 adductus es una causa muy com\u00fan que favorece la marcha en adducci\u00f3n, aunque no es la \u00fanica causa estructural. Otras causas estructurales pueden derivarse de una torsi\u00f3n an\u00f3mala en niveles superiores de la pierna o de la cadera, que dan como resultado este mismo tipo de marcha hacia dentro. <strong>Es por ello, que es de vital importancia un buen estudio del miembro inferior,<\/strong> para detectar la causa o las causas estructurales que favorecen este tipo de pisada.<\/p>\n<\/div>\n\n\n\n<div class=\"wp-block-column is-layout-flow wp-block-column-is-layout-flow\" style=\"flex-basis:50%\">\n<figure class=\"wp-block-image size-large\"><img loading=\"lazy\" decoding=\"async\" width=\"1024\" height=\"683\" src=\"https:\/\/www.clinicaferrersalud.com\/wp-content\/uploads\/2024\/01\/Add2-1024x683.jpg\" alt=\"\" class=\"wp-image-535\" srcset=\"https:\/\/www.clinicaferrersalud.com\/wp-content\/uploads\/2024\/01\/Add2-1024x683.jpg 1024w, https:\/\/www.clinicaferrersalud.com\/wp-content\/uploads\/2024\/01\/Add2-300x200.jpg 300w, https:\/\/www.clinicaferrersalud.com\/wp-content\/uploads\/2024\/01\/Add2-768x512.jpg 768w, https:\/\/www.clinicaferrersalud.com\/wp-content\/uploads\/2024\/01\/Add2-1536x1024.jpg 1536w, https:\/\/www.clinicaferrersalud.com\/wp-content\/uploads\/2024\/01\/Add2-2048x1365.jpg 2048w\" sizes=\"auto, (max-width: 1024px) 100vw, 1024px\" \/><\/figure>\n<\/div>\n<\/div>\n\n\n\n<p>En cuanto a la evoluci\u00f3n, s\u00ed es flexible, a veces se corrige de manera espont\u00e1nea en cuanto cambian los h\u00e1bitos posturales, pero si no es as\u00ed, o la deformidad es muy evidente, habr\u00e1 que instaurar un tratamiento compuesto por varios enfoques terape\u00faticos, como por ejemplo ejercicios de estiramiento, manipulaciones de esa zona para conseguir reequilibrar la musculatura implicada y soportes plantares (plantillas).<\/p>\n<\/div><\/div>\n\n<\/div><\/div><\/div><\/div>\n\n\n\n<div class=\"wp-block-kadence-tab kt-tab-inner-content kt-inner-tab-3 kt-inner-tab_31c6b6-4a\"><div class=\"kt-tab-inner-content-inner\"><style>.kb-row-layout-id_9b7b84-75 > .kt-row-column-wrap{align-content:start;}:where(.kb-row-layout-id_9b7b84-75 > .kt-row-column-wrap) > .wp-block-kadence-column{justify-content:start;}.kb-row-layout-id_9b7b84-75 > .kt-row-column-wrap{column-gap:var(--global-kb-gap-md, 2rem);row-gap:var(--global-kb-gap-md, 2rem);padding-top:var(--global-kb-spacing-sm, 1.5rem);padding-bottom:var(--global-kb-spacing-sm, 1.5rem);grid-template-columns:minmax(0, 2fr) minmax(0, 1fr);}.kb-row-layout-id_9b7b84-75 > .kt-row-layout-overlay{opacity:0.30;}@media all and (max-width: 1024px){.kb-row-layout-id_9b7b84-75 > .kt-row-column-wrap{grid-template-columns:repeat(2, minmax(0, 1fr));}}@media all and (max-width: 767px){.kb-row-layout-id_9b7b84-75 > .kt-row-column-wrap{grid-template-columns:minmax(0, 1fr);}}<\/style><div class=\"kb-row-layout-wrap kb-row-layout-id_9b7b84-75 alignnone wp-block-kadence-rowlayout\"><div class=\"kt-row-column-wrap kt-has-2-columns kt-row-layout-left-golden kt-tab-layout-inherit kt-mobile-layout-row kt-row-valign-top\">\n<style>.kadence-column_3c28c7-04 > .kt-inside-inner-col,.kadence-column_3c28c7-04 > .kt-inside-inner-col:before{border-top-left-radius:0px;border-top-right-radius:0px;border-bottom-right-radius:0px;border-bottom-left-radius:0px;}.kadence-column_3c28c7-04 > .kt-inside-inner-col:before{opacity:0.3;}.kadence-column_3c28c7-04{position:relative;}<\/style>\n<div class=\"wp-block-kadence-column kadence-column_3c28c7-04 inner-column-1\"><div class=\"kt-inside-inner-col\">\n<p>Una de las preocupaciones m\u00e1s habituales de los padres es la alineaci\u00f3n que presentan las piernas de su hijo vistas desde frente. <strong>El genu valgo<\/strong>, o lo que com\u00fanmente <strong>se conoce como rodillas en X<\/strong>, consiste en una alteraci\u00f3n del \u00e1ngulo que forman las piernas vistas desde frente, en la que <strong>las rodillas se juntan y los tobillos se separan.<\/strong><\/p>\n\n\n\n<p>Todos los ni\u00f1os, pasan una fase de genu valgo fisiol\u00f3gico (totalmente normal) a partir de los 2 a\u00f1os, y entre los 3 y los 5 de manera acentuada, y hasta los 7 a\u00f1os, que es cuando se adquiere la alineaci\u00f3n normal.<\/p>\n\n\n\n<p><strong>El genu valgo se dar\u00e1 generalmente de forma bilateral<\/strong>, aunque es posible que aparezca de manera unilateral, debiendo prestar especial atenci\u00f3n y seguimiento a estos casos.<\/p>\n\n\n\n<p><strong>Es com\u00fan que se asocie con un pie plano<\/strong> y la sintomatolog\u00eda son tropiezos, ca\u00eddas, dolor de rodillas, fatiga\u2026<\/p>\n<\/div><\/div>\n\n\n<style>.kadence-column_78474d-f3 > .kt-inside-inner-col,.kadence-column_78474d-f3 > .kt-inside-inner-col:before{border-top-left-radius:0px;border-top-right-radius:0px;border-bottom-right-radius:0px;border-bottom-left-radius:0px;}.kadence-column_78474d-f3 > .kt-inside-inner-col:before{opacity:0.3;}.kadence-column_78474d-f3{position:relative;}<\/style>\n<div class=\"wp-block-kadence-column kadence-column_78474d-f3 inner-column-2\"><div class=\"kt-inside-inner-col\">\n<figure class=\"wp-block-image size-full\"><img loading=\"lazy\" decoding=\"async\" width=\"2560\" height=\"1707\" src=\"https:\/\/www.clinicaferrersalud.com\/wp-content\/uploads\/2024\/01\/GV2-scaled.jpg\" alt=\"\" class=\"wp-image-540\" srcset=\"https:\/\/www.clinicaferrersalud.com\/wp-content\/uploads\/2024\/01\/GV2-scaled.jpg 2560w, https:\/\/www.clinicaferrersalud.com\/wp-content\/uploads\/2024\/01\/GV2-300x200.jpg 300w, https:\/\/www.clinicaferrersalud.com\/wp-content\/uploads\/2024\/01\/GV2-1024x683.jpg 1024w, https:\/\/www.clinicaferrersalud.com\/wp-content\/uploads\/2024\/01\/GV2-768x512.jpg 768w, https:\/\/www.clinicaferrersalud.com\/wp-content\/uploads\/2024\/01\/GV2-1536x1024.jpg 1536w, https:\/\/www.clinicaferrersalud.com\/wp-content\/uploads\/2024\/01\/GV2-2048x1365.jpg 2048w\" sizes=\"auto, (max-width: 2560px) 100vw, 2560px\" \/><\/figure>\n<\/div><\/div>\n\n<\/div><\/div><\/div><\/div>\n\n\n\n<div class=\"wp-block-kadence-tab kt-tab-inner-content kt-inner-tab-4 kt-inner-tab_0f1a08-a7\"><div class=\"kt-tab-inner-content-inner\">\n<div class=\"wp-block-columns is-layout-flex wp-container-core-columns-is-layout-9d6595d7 wp-block-columns-is-layout-flex\">\n<div class=\"wp-block-column is-layout-flow wp-block-column-is-layout-flow\">\n<p><strong>El genu varo<\/strong>, rodillas de vaquero o piernas en par\u00e9ntesis, es una alteraci\u00f3n del \u00e1ngulo que forman las piernas vistas desde frente, en el que se <strong>aumenta la distancia entre las rodillas y se disminuye la distancia entre los tobillos.<\/strong><\/p>\n\n\n\n<p>Es una alteraci\u00f3n igual al genu valgo, pero de signo contrario, es decir, las fuerzas van hacia fuera en lugar de hacia dentro como ocurr\u00eda en el valgo. Todos los ni\u00f1os presentan una etapa de varo fisiol\u00f3gica desde el nacimiento hasta los 2 a\u00f1os, y pueden presentar otra, menos acentuada, a los 7 u 8 a\u00f1os, y que ser\u00e1 m\u00e1s frecuente en ni\u00f1as. <strong>Fuera de estos periodos de edad, el genu varo no deber\u00eda estar presente.<\/strong><\/p>\n\n\n\n<p>Para detectarlo, adem\u00e1s de la apariencia f\u00edsica que tan evidente puede ser, hay que realizar una exploraci\u00f3n f\u00edsica del ni\u00f1o y valorar la alineaci\u00f3n de la pierna. Puede considerarse normal una separaci\u00f3n entre las rodillas de hasta 6 cent\u00edmetros, m\u00e1s de ah\u00ed ya comenzar\u00eda a ser patol\u00f3gico. Suele ser bilateral y puede presentar sintomatolog\u00eda, como por ejemplo, dolores en la zona externa de las rodillas, en la musculatura de la pierna, tropiezos frecuentes, roces entre los tobillos\u2026<strong>En el momento en que aparezca la sintomatolog\u00eda, hay que instaurar un tratamiento.<\/strong><\/p>\n<\/div>\n\n\n\n<div class=\"wp-block-column is-layout-flow wp-block-column-is-layout-flow\">\n<figure class=\"wp-block-image size-large\"><img loading=\"lazy\" decoding=\"async\" width=\"1024\" height=\"1024\" src=\"https:\/\/www.clinicaferrersalud.com\/wp-content\/uploads\/2024\/01\/GVR.2jpg-1024x1024.jpg\" alt=\"\" class=\"wp-image-543\" srcset=\"https:\/\/www.clinicaferrersalud.com\/wp-content\/uploads\/2024\/01\/GVR.2jpg-1024x1024.jpg 1024w, https:\/\/www.clinicaferrersalud.com\/wp-content\/uploads\/2024\/01\/GVR.2jpg-300x300.jpg 300w, https:\/\/www.clinicaferrersalud.com\/wp-content\/uploads\/2024\/01\/GVR.2jpg-150x150.jpg 150w, https:\/\/www.clinicaferrersalud.com\/wp-content\/uploads\/2024\/01\/GVR.2jpg-768x768.jpg 768w, https:\/\/www.clinicaferrersalud.com\/wp-content\/uploads\/2024\/01\/GVR.2jpg-1536x1536.jpg 1536w, https:\/\/www.clinicaferrersalud.com\/wp-content\/uploads\/2024\/01\/GVR.2jpg-2048x2048.jpg 2048w\" sizes=\"auto, (max-width: 1024px) 100vw, 1024px\" \/><\/figure>\n<\/div>\n<\/div>\n<\/div><\/div>\n<\/div><\/div><\/div>\n<\/div><\/div>\n\n<\/div><\/div>","protected":false},"excerpt":{"rendered":"<p>\u201cLa prevenci\u00f3n es la mejor de todas las medicinas\u201d Un seguimiento de la evoluci\u00f3n de la pisada de los ni\u00f1os es de lo m\u00e1s importante que deber\u00edan hacer los padres con sus hijos, porque detectar una patolog\u00eda a tiempo puede &hellip; <a href=\"https:\/\/www.clinicaferrersalud.com\/index.php\/podologia-infantil\/\">Continuar<\/a><\/p>\n","protected":false},"author":1,"featured_media":0,"parent":0,"menu_order":0,"comment_status":"closed","ping_status":"closed","template":"","meta":{"kt_blocks_editor_width":"","footnotes":""},"class_list":["post-172","page","type-page","status-publish","hentry"],"_links":{"self":[{"href":"https:\/\/www.clinicaferrersalud.com\/index.php\/wp-json\/wp\/v2\/pages\/172","targetHints":{"allow":["GET"]}}],"collection":[{"href":"https:\/\/www.clinicaferrersalud.com\/index.php\/wp-json\/wp\/v2\/pages"}],"about":[{"href":"https:\/\/www.clinicaferrersalud.com\/index.php\/wp-json\/wp\/v2\/types\/page"}],"author":[{"embeddable":true,"href":"https:\/\/www.clinicaferrersalud.com\/index.php\/wp-json\/wp\/v2\/users\/1"}],"replies":[{"embeddable":true,"href":"https:\/\/www.clinicaferrersalud.com\/index.php\/wp-json\/wp\/v2\/comments?post=172"}],"version-history":[{"count":23,"href":"https:\/\/www.clinicaferrersalud.com\/index.php\/wp-json\/wp\/v2\/pages\/172\/revisions"}],"predecessor-version":[{"id":726,"href":"https:\/\/www.clinicaferrersalud.com\/index.php\/wp-json\/wp\/v2\/pages\/172\/revisions\/726"}],"wp:attachment":[{"href":"https:\/\/www.clinicaferrersalud.com\/index.php\/wp-json\/wp\/v2\/media?parent=172"}],"curies":[{"name":"wp","href":"https:\/\/api.w.org\/{rel}","templated":true}]}}