{"id":153,"date":"2023-10-18T17:08:56","date_gmt":"2023-10-18T17:08:56","guid":{"rendered":"https:\/\/www.clinicaferrersalud.com\/?page_id=153"},"modified":"2024-07-08T20:58:28","modified_gmt":"2024-07-08T20:58:28","slug":"intervencionismo-ecoguiado-del-pie","status":"publish","type":"page","link":"https:\/\/www.clinicaferrersalud.com\/index.php\/intervencionismo-ecoguiado-del-pie\/","title":{"rendered":"Intervencionismo Ecoguiado en PIE y TOBILLO"},"content":{"rendered":"\n<p>La ecograf\u00eda es una tecnolog\u00eda con multitud de ventajas tanto para el diagn\u00f3stico como para el tratamiento. Se trata de una t\u00e9cnica r\u00e1pida y no invasiva sin emisi\u00f3n de radiaciones ionizantes. Gracias a ella pueden llevarse a cabo ciertos tipos de procedimientos intervencionistas en r\u00e9gimen ambulatorio.<\/p>\n\n\n\n<p><strong>Los procedimientos ecoguiados m\u00e1s habituales que hacemos en consulta son los siguientes:<\/strong><\/p>\n\n\n\n<ul class=\"wp-block-list\">\n<li><strong>Diagn\u00f3stico ecogr\u00e1fico<\/strong>: para detectar patolog\u00edas, como la tendinitis de Aquiles, fascitis plantar, rotura ligamentosa despu\u00e9s de un esguince de tobillo, etc.<\/li>\n\n\n\n<li><strong>Electr\u00f3lisis Percut\u00e1nea ecoguiada: tambi\u00e9n llamada EPI\u00ae o EPTE\u00ae,<\/strong> es una t\u00e9cnica regenerativa qu\u00e9, mediante una aguja de punci\u00f3n seca conectada a dicha m\u00e1quina, regenera el tejido degenerado. Muy \u00fatil para tratar la fascitis plantar y cualquier tendinopat\u00eda, como la tendinitis de Aquiles.<\/li>\n\n\n\n<li><strong>Infiltraciones ecoguiadas: <\/strong>es la inyecci\u00f3n de un f\u00e1rmaco en la zona lesionada mediante ecograf\u00eda, para mejorar los signos y\/o s\u00edntomas del paciente. El f\u00e1rmaco a utilizar puede ser diverso; plasma rico en plaquetas, corticoide, \u00e1cido hialur\u00f3nico, col\u00e1geno, etc. Dependiendo el objetivo que queramos obtener, utilizaremos uno u otro.<\/li>\n\n\n\n<li><strong>Hidrodisecci\u00f3n ecoguiada:<\/strong> es un tratamiento de intervencionismo ecoguiado destinado a neuropat\u00edas por compresi\u00f3n, y que consiste en introducir suero a presi\u00f3n con una aguja y separar todas las estructuras que lo est\u00e1n comprimiendo. Se realiza de forma habitual para tratar atrapamientos nerviosos en pie y tobillo, como la neuropat\u00eda de Baxter o el s\u00edndrome del Tunel del Tarso.<\/li>\n\n\n\n<li><strong>Inyecciones volum\u00e9tricas ecoguiadas<\/strong>: consiste en introducir en la zona suero bajo presi\u00f3n en altas cantidades para eliminar los vasos sangu\u00edneos sobrantes creados y eliminar adherencias entre el tend\u00f3n y el paratend\u00f3n. De esta forma, el dolor disminuye considerablemente y de forma r\u00e1pida. Muy habitual utilizarlo en patolog\u00edas de Aquiles.<\/li>\n\n\n\n<li><strong>Radiofrecuencia ecoguiada:<\/strong> es una tecnolog\u00eda que realiza una termoablaci\u00f3n de tejido nervioso de forma ecoguiada para eliminar el dolor neurop\u00e1tico que sufre el paciente. Algunos ejemplos de patolog\u00edas en los cuales utilizamos esta t\u00e9cnica son el neuroma de Morton o el &nbsp;Sindrome de Baxter.<\/li>\n\n\n\n<li><strong>Cirug\u00eda ecoguiada en pie y tobillo:<\/strong> algunos ejemplos son la cirug\u00eda minimamente invasiva y ecoguiada de fascitis plantar\/espol\u00f3n calc\u00e1neo o de neuroma de Morton.<\/li>\n<\/ul>\n\n\n<style>.kb-row-layout-wrap.wp-block-kadence-rowlayout.kb-row-layout-id_e8b9f1-8f{margin-top:0px;margin-bottom:0px;}.kb-row-layout-id_e8b9f1-8f > .kt-row-column-wrap{align-content:center;}:where(.kb-row-layout-id_e8b9f1-8f > .kt-row-column-wrap) > .wp-block-kadence-column{justify-content:center;}.kb-row-layout-id_e8b9f1-8f > .kt-row-column-wrap{column-gap:var(--global-kb-gap-none, 0 );row-gap:var(--global-kb-gap-none, 0 );max-width:1140px;padding-top:50px;padding-bottom:50px;min-height:400px;grid-template-columns:minmax(0, 57%) minmax(0, 43%);}.kb-row-layout-id_e8b9f1-8f > .kt-row-layout-overlay{opacity:0.30;}@media all and (max-width: 1024px){.kb-row-layout-id_e8b9f1-8f > .kt-row-column-wrap{grid-template-columns:repeat(2, minmax(0, 1fr));}}@media all and (max-width: 767px){.kb-row-layout-wrap.wp-block-kadence-rowlayout.kb-row-layout-id_e8b9f1-8f{margin-top:30px;margin-bottom:0px;}.kb-row-layout-id_e8b9f1-8f > .kt-row-column-wrap{grid-template-columns:minmax(0, 1fr);}}<\/style><div class=\"kb-row-layout-wrap kb-row-layout-id_e8b9f1-8f alignnone wp-block-kadence-rowlayout\"><div class=\"kt-row-column-wrap kt-has-2-columns kt-row-layout-equal kt-tab-layout-inherit kt-mobile-layout-row kt-row-valign-middle kt-inner-column-height-full kb-theme-content-width\">\n<style>.kadence-column_775d4f-6e, .kt-inside-inner-col > .kadence-column_775d4f-6e:not(.specificity){margin-top:0px;margin-right:0px;margin-bottom:0px;margin-left:0px;}.kadence-column_775d4f-6e > .kt-inside-inner-col{padding-top:0px;padding-right:0px;padding-bottom:0px;padding-left:0px;}.kadence-column_775d4f-6e > .kt-inside-inner-col,.kadence-column_775d4f-6e > .kt-inside-inner-col:before{border-top-left-radius:6px;border-top-right-radius:6px;border-bottom-right-radius:6px;border-bottom-left-radius:6px;}.kadence-column_775d4f-6e > .kt-inside-inner-col{background-image:url('https:\/\/www.clinicaferrersalud.com\/wp-content\/uploads\/2024\/01\/IE2-scaled.jpg');background-size:cover;background-position:51% 41%;background-attachment:scroll;background-repeat:no-repeat;}.kadence-column_775d4f-6e > .kt-inside-inner-col:before{opacity:0.3;}.kadence-column_775d4f-6e{position:relative;}<\/style>\n<div class=\"wp-block-kadence-column kadence-column_775d4f-6e inner-column-1\"><div class=\"kt-inside-inner-col\"><style>.wp-block-kadence-spacer.kt-block-spacer-_f3508d-7e .kt-block-spacer{height:50px;}.wp-block-kadence-spacer.kt-block-spacer-_f3508d-7e .kt-divider{border-top-width:1px;height:1px;border-top-color:#eee;width:80%;border-top-style:solid;}@media all and (max-width: 767px){.wp-block-kadence-spacer.kt-block-spacer-_f3508d-7e .kt-block-spacer{height:250px!important;}}<\/style>\n<div class=\"wp-block-kadence-spacer aligncenter kt-block-spacer-_f3508d-7e\"><div class=\"kt-block-spacer kt-block-spacer-halign-center\"><\/div><\/div>\n<\/div><\/div>\n\n\n<style>.kadence-column_b6473d-16, .kt-inside-inner-col > .kadence-column_b6473d-16:not(.specificity){margin-top:0px;margin-right:100px;margin-bottom:0px;margin-left:-100px;}.kadence-column_b6473d-16 > .kt-inside-inner-col{padding-top:0px;padding-right:0px;padding-bottom:30px;padding-left:0px;}.kadence-column_b6473d-16 > .kt-inside-inner-col,.kadence-column_b6473d-16 > .kt-inside-inner-col:before{border-top-left-radius:0px;border-top-right-radius:0px;border-bottom-right-radius:0px;border-bottom-left-radius:0px;}.kadence-column_b6473d-16 > .kt-inside-inner-col:before{opacity:0.3;}.kadence-column_b6473d-16{position:relative;}@media all and (max-width: 1024px){.kadence-column_b6473d-16, .kt-inside-inner-col > .kadence-column_b6473d-16:not(.specificity){margin-top:0px;margin-right:0px;margin-bottom:0px;margin-left:-28px;}}@media all and (max-width: 1024px){.kadence-column_b6473d-16 > .kt-inside-inner-col{padding-top:0px;padding-right:0px;padding-bottom:0px;padding-left:0px;}}@media all and (max-width: 767px){.kadence-column_b6473d-16, .kt-inside-inner-col > .kadence-column_b6473d-16:not(.specificity){margin-top:0px;margin-right:0px;margin-bottom:0px;margin-left:0px;}.kadence-column_b6473d-16 > .kt-inside-inner-col{padding-top:0px;padding-right:0px;padding-bottom:0px;padding-left:0px;}}<\/style>\n<div class=\"wp-block-kadence-column kadence-column_b6473d-16 inner-column-2\"><div class=\"kt-inside-inner-col\"><style>.kt-blocks-testimonials-wrap_c1562b-d0 .kt-svg-testimonial-global-icon{font-size:30px;}.kt-blocks-testimonials-wrap_c1562b-d0 .kt-testimonial-rating-wrap .kb-svg-icon-wrap{color:#ffd700;font-size:16px;}.kt-blocks-testimonials-wrap_c1562b-d0{padding-top:10px;}.kt-blocks-testimonials-wrap_c1562b-d0 .kt-testimonial-grid-wrap{gap:30px;}.kt-blocks-testimonials-wrap_c1562b-d0 .kt-testimonial-item-wrap{padding-top:60px;padding-right:60px;padding-bottom:60px;padding-left:60px;}.kt-blocks-testimonials-wrap_c1562b-d0 .kt-testimonial-content{color:var(--global-palette3, #1A202C);font-size:21px;line-height:1.5em;}.kt-blocks-testimonials-wrap_c1562b-d0 .kt-testimonial-name{color:var(--global-palette4, #2D3748);font-size:16px;line-height:24px;}.kt-blocks-testimonials-wrap_c1562b-d0 .kt-testimonial-occupation{color:var(--global-palette4, #2D3748);font-size:14px;line-height:14px;}.kt-blocks-testimonials-wrap_c1562b-d0 .kt-testimonial-item-wrap{background:#f8f9fc;border-top-left-radius:6px;border-top-right-radius:6px;border-bottom-right-radius:6px;border-bottom-left-radius:6px;}@media all and (max-width: 767px){.kt-blocks-testimonials-wrap_c1562b-d0{padding-top:px;padding-bottom:px;margin-top:px;margin-bottom:px;}}<\/style><div class=\"kt-blocks-testimonials-wrap_c1562b-d0 kt-testimonial-halign-left kt-testimonial-style-basic kt-testimonials-media-off kt-testimonials-icon-off kt-testimonial-columns-1 kt-t-xxl-col-1 kt-t-xl-col-1 kt-t-lg-col-1 kt-t-md-col-1 kt-t-sm-col-1 kt-t-xs-col-1 wp-block-kadence-testimonials\"><div class=\"kt-blocks-testimonials-inner-wrap kt-testimonial-grid-wrap\">\n<div class=\"kt-testimonial-item-wrap kt-testimonial-item-_afe316-8c \"><div class=\"kt-testimonial-text-wrap\"><div class=\"kt-testimonial-content-wrap\"><div class=\"kt-testimonial-content\">Se trata de una t\u00e9cnica r\u00e1pida y vers\u00e1til con diversas aplicaciones cl\u00ednicas<\/div><\/div><\/div><div class=\"kt-testimonial-meta-wrap\"><div class=\"kt-testimonial-meta-name-wrap\"><div class=\"kt-testimonial-name-wrap\"><div class=\"kt-testimonial-name\"> <\/div><\/div><div class=\"kt-testimonial-occupation-wrap\"><div class=\"kt-testimonial-occupation\"> <\/div><\/div><\/div><\/div><\/div>\n<\/div><\/div><\/div><\/div>\n\n<\/div><\/div>\n\n<style>.kb-row-layout-id_a31c4f-4a > .kt-row-column-wrap{align-content:start;}:where(.kb-row-layout-id_a31c4f-4a > .kt-row-column-wrap) > .wp-block-kadence-column{justify-content:start;}.kb-row-layout-id_a31c4f-4a > .kt-row-column-wrap{column-gap:var(--global-kb-gap-md, 2rem);row-gap:var(--global-kb-gap-md, 2rem);max-width:1140px;padding-top:var(--global-kb-spacing-sm, 1.5rem);padding-bottom:var(--global-kb-spacing-sm, 1.5rem);grid-template-columns:minmax(0, 1fr);}.kb-row-layout-id_a31c4f-4a > .kt-row-layout-overlay{opacity:0.30;}@media all and (max-width: 1024px){.kb-row-layout-id_a31c4f-4a > .kt-row-column-wrap{grid-template-columns:minmax(0, 1fr);}}@media all and (max-width: 767px){.kb-row-layout-id_a31c4f-4a > .kt-row-column-wrap{grid-template-columns:minmax(0, 1fr);}}<\/style><div class=\"kb-row-layout-wrap kb-row-layout-id_a31c4f-4a alignnone wp-block-kadence-rowlayout\"><div class=\"kt-row-column-wrap kt-has-1-columns kt-row-layout-equal kt-tab-layout-inherit kt-mobile-layout-row kt-row-valign-top kb-theme-content-width\">\n<style>.kadence-column_87f75d-82 > .kt-inside-inner-col,.kadence-column_87f75d-82 > .kt-inside-inner-col:before{border-top-left-radius:0px;border-top-right-radius:0px;border-bottom-right-radius:0px;border-bottom-left-radius:0px;}.kadence-column_87f75d-82 > .kt-inside-inner-col:before{opacity:0.3;}.kadence-column_87f75d-82{position:relative;}<\/style>\n<div class=\"wp-block-kadence-column kadence-column_87f75d-82 inner-column-1\"><div class=\"kt-inside-inner-col\"><style>.kt-accordion-id_5abc1b-60 .kt-accordion-panel-inner{border-top:0px solid transparent;border-right:0px solid transparent;border-bottom:0px solid transparent;border-left:0px solid transparent;background:#fff;padding-top:var(--global-kb-spacing-sm, 1.5rem);padding-right:var(--global-kb-spacing-sm, 1.5rem);padding-bottom:var(--global-kb-spacing-sm, 1.5rem);padding-left:var(--global-kb-spacing-sm, 1.5rem);}.kt-accordion-id_5abc1b-60 .wp-block-kadence-pane .kt-accordion-header-wrap .kt-blocks-accordion-header{border-top:1px solid #f2f2f2;border-right:1px solid #f2f2f2;border-bottom:1px solid #f2f2f2;border-left:2px solid #f2f2f2;border-top-left-radius:6px;border-top-right-radius:6px;border-bottom-right-radius:6px;border-bottom-left-radius:6px;background:#f2f2f2;font-size:18px;line-height:32px;color:#444;padding-top:14px;padding-right:14px;padding-bottom:14px;padding-left:14px;}.kt-accordion-id_5abc1b-60 .kt-accordion-header-wrap{margin-top:10px;}.single-content .wp-block-kadence-pane>h2:first-child,\n\t\t\t.single-content .wp-block-kadence-pane>h3:first-child,\n\t\t\t.single-content .wp-block-kadence-pane>h4:first-child,\n\t\t\t.single-content .wp-block-kadence-pane>h5:first-child,\n\t\t\t.single-content .wp-block-kadence-pane>h6:first-child{margin-top:10px;}.kt-accordion-id_5abc1b-60:not( .kt-accodion-icon-style-basiccircle ):not( .kt-accodion-icon-style-xclosecircle ):not( .kt-accodion-icon-style-arrowcircle ) .kt-blocks-accordion-icon-trigger:after, .kt-accordion-id_5abc1b-60:not( .kt-accodion-icon-style-basiccircle ):not( .kt-accodion-icon-style-xclosecircle ):not( .kt-accodion-icon-style-arrowcircle ) .kt-blocks-accordion-icon-trigger:before{background:#444;}.kt-accordion-id_5abc1b-60:not( .kt-accodion-icon-style-basic ):not( .kt-accodion-icon-style-xclose ):not( .kt-accodion-icon-style-arrow ) .kt-blocks-accordion-icon-trigger{background:#444;}.kt-accordion-id_5abc1b-60:not( .kt-accodion-icon-style-basic ):not( .kt-accodion-icon-style-xclose ):not( .kt-accodion-icon-style-arrow ) .kt-blocks-accordion-icon-trigger:after, .kt-accordion-id_5abc1b-60:not( .kt-accodion-icon-style-basic ):not( .kt-accodion-icon-style-xclose ):not( .kt-accodion-icon-style-arrow ) .kt-blocks-accordion-icon-trigger:before{background:#f2f2f2;}.kt-accordion-id_5abc1b-60 .kt-accordion-header-wrap .kt-blocks-accordion-header:hover, .kt-accordion-id_5abc1b-60 .kt-accordion-header-wrap .kt-blocks-accordion-header:focus{color:#444444;background:#eeeeee;border-top:1px solid #eeeeee;border-right:1px solid #eeeeee;border-bottom:1px solid #eeeeee;border-left:2px solid #eeeeee;}.kt-accordion-id_5abc1b-60:not( .kt-accodion-icon-style-basiccircle ):not( .kt-accodion-icon-style-xclosecircle ):not( .kt-accodion-icon-style-arrowcircle ) .kt-blocks-accordion-header:hover .kt-blocks-accordion-icon-trigger:after, .kt-accordion-id_5abc1b-60:not( .kt-accodion-icon-style-basiccircle ):not( .kt-accodion-icon-style-xclosecircle ):not( .kt-accodion-icon-style-arrowcircle ) .kt-blocks-accordion-header:hover .kt-blocks-accordion-icon-trigger:before, .kt-accordion-id_5abc1b-60:not( .kt-accodion-icon-style-basiccircle ):not( .kt-accodion-icon-style-xclosecircle ):not( .kt-accodion-icon-style-arrowcircle ) .kt-blocks-accordion-header:focus .kt-blocks-accordion-icon-trigger:after, .kt-accordion-id_5abc1b-60:not( .kt-accodion-icon-style-basiccircle ):not( .kt-accodion-icon-style-xclosecircle ):not( .kt-accodion-icon-style-arrowcircle ) .kt-blocks-accordion-header:focus .kt-blocks-accordion-icon-trigger:before{background:#444444;}.kt-accordion-id_5abc1b-60:not( .kt-accodion-icon-style-basic ):not( .kt-accodion-icon-style-xclose ):not( .kt-accodion-icon-style-arrow ) .kt-blocks-accordion-header:hover .kt-blocks-accordion-icon-trigger, .kt-accordion-id_5abc1b-60:not( .kt-accodion-icon-style-basic ):not( .kt-accodion-icon-style-xclose ):not( .kt-accodion-icon-style-arrow ) .kt-blocks-accordion-header:focus .kt-blocks-accordion-icon-trigger{background:#444444;}.kt-accordion-id_5abc1b-60:not( .kt-accodion-icon-style-basic ):not( .kt-accodion-icon-style-xclose ):not( .kt-accodion-icon-style-arrow ) .kt-blocks-accordion-header:hover .kt-blocks-accordion-icon-trigger:after, .kt-accordion-id_5abc1b-60:not( .kt-accodion-icon-style-basic ):not( .kt-accodion-icon-style-xclose ):not( .kt-accodion-icon-style-arrow ) .kt-blocks-accordion-header:hover .kt-blocks-accordion-icon-trigger:before, .kt-accordion-id_5abc1b-60:not( .kt-accodion-icon-style-basic ):not( .kt-accodion-icon-style-xclose ):not( .kt-accodion-icon-style-arrow ) .kt-blocks-accordion-header:focus .kt-blocks-accordion-icon-trigger:after, .kt-accordion-id_5abc1b-60:not( .kt-accodion-icon-style-basic ):not( .kt-accodion-icon-style-xclose ):not( .kt-accodion-icon-style-arrow ) .kt-blocks-accordion-header:focus .kt-blocks-accordion-icon-trigger:before{background:#eeeeee;}.kt-accordion-id_5abc1b-60 .kt-accordion-header-wrap .kt-blocks-accordion-header.kt-accordion-panel-active{color:#ffffff;background:#f3690e;border-top:1px solid #f3690e;border-right:1px solid #f3690e;border-bottom:1px solid #f3690e;border-left:2px solid #f3690e;}.kt-accordion-id_5abc1b-60:not( .kt-accodion-icon-style-basiccircle ):not( .kt-accodion-icon-style-xclosecircle ):not( .kt-accodion-icon-style-arrowcircle ) .kt-blocks-accordion-header.kt-accordion-panel-active .kt-blocks-accordion-icon-trigger:after, .kt-accordion-id_5abc1b-60:not( .kt-accodion-icon-style-basiccircle ):not( .kt-accodion-icon-style-xclosecircle ):not( .kt-accodion-icon-style-arrowcircle ) .kt-blocks-accordion-header.kt-accordion-panel-active .kt-blocks-accordion-icon-trigger:before{background:#ffffff;}.kt-accordion-id_5abc1b-60:not( .kt-accodion-icon-style-basic ):not( .kt-accodion-icon-style-xclose ):not( .kt-accodion-icon-style-arrow ) .kt-blocks-accordion-header.kt-accordion-panel-active .kt-blocks-accordion-icon-trigger{background:#ffffff;}.kt-accordion-id_5abc1b-60:not( .kt-accodion-icon-style-basic ):not( .kt-accodion-icon-style-xclose ):not( .kt-accodion-icon-style-arrow ) .kt-blocks-accordion-header.kt-accordion-panel-active .kt-blocks-accordion-icon-trigger:after, .kt-accordion-id_5abc1b-60:not( .kt-accodion-icon-style-basic ):not( .kt-accodion-icon-style-xclose ):not( .kt-accodion-icon-style-arrow ) .kt-blocks-accordion-header.kt-accordion-panel-active .kt-blocks-accordion-icon-trigger:before{background:#f3690e;}@media all and (max-width: 1024px){.kt-accordion-id_5abc1b-60 .kt-accordion-panel-inner{border-top:0px solid transparent;border-right:0px solid transparent;border-bottom:0px solid transparent;border-left:0px solid transparent;}}@media all and (max-width: 1024px){.kt-accordion-id_5abc1b-60 .wp-block-kadence-pane .kt-accordion-header-wrap .kt-blocks-accordion-header{border-top:1px solid #f2f2f2;border-right:1px solid #f2f2f2;border-bottom:1px solid #f2f2f2;border-left:2px solid #f2f2f2;}}@media all and (max-width: 1024px){.kt-accordion-id_5abc1b-60 .kt-accordion-header-wrap .kt-blocks-accordion-header:hover, .kt-accordion-id_5abc1b-60 .kt-accordion-header-wrap .kt-blocks-accordion-header:focus{border-top:1px solid #eeeeee;border-right:1px solid #eeeeee;border-bottom:1px solid #eeeeee;border-left:2px solid #eeeeee;}}@media all and (max-width: 1024px){.kt-accordion-id_5abc1b-60 .kt-accordion-header-wrap .kt-blocks-accordion-header.kt-accordion-panel-active{border-top:1px solid #f3690e;border-right:1px solid #f3690e;border-bottom:1px solid #f3690e;border-left:2px solid #f3690e;}}@media all and (max-width: 767px){.kt-accordion-id_5abc1b-60 .kt-accordion-panel-inner{border-top:0px solid transparent;border-right:0px solid transparent;border-bottom:0px solid transparent;border-left:0px solid transparent;}.kt-accordion-id_5abc1b-60 .wp-block-kadence-pane .kt-accordion-header-wrap .kt-blocks-accordion-header{border-top:1px solid #f2f2f2;border-right:1px solid #f2f2f2;border-bottom:1px solid #f2f2f2;border-left:2px solid #f2f2f2;}.kt-accordion-id_5abc1b-60 .kt-accordion-header-wrap .kt-blocks-accordion-header:hover, .kt-accordion-id_5abc1b-60 .kt-accordion-header-wrap .kt-blocks-accordion-header:focus{border-top:1px solid #eeeeee;border-right:1px solid #eeeeee;border-bottom:1px solid #eeeeee;border-left:2px solid #eeeeee;}.kt-accordion-id_5abc1b-60 .kt-accordion-header-wrap .kt-blocks-accordion-header.kt-accordion-panel-active{border-top:1px solid #f3690e;border-right:1px solid #f3690e;border-bottom:1px solid #f3690e;border-left:2px solid #f3690e;}}<\/style>\n<div class=\"wp-block-kadence-accordion alignnone\"><div class=\"kt-accordion-wrap kt-accordion-id_5abc1b-60 kt-accordion-has-15-panes kt-active-pane-0 kt-accordion-block kt-pane-header-alignment-left kt-accodion-icon-style-basic kt-accodion-icon-side-right\" style=\"max-width:none\"><div class=\"kt-accordion-inner-wrap\" data-allow-multiple-open=\"false\" data-start-open=\"none\">\n<div class=\"wp-block-kadence-pane kt-accordion-pane kt-accordion-pane-13 kt-pane_ab69be-d4\"><div class=\"kt-accordion-header-wrap\"><button class=\"kt-blocks-accordion-header kt-acccordion-button-label-show\"><span class=\"kt-blocks-accordion-title-wrap\"><span class=\"kt-blocks-accordion-title\"><strong>\u00bfQu\u00e9 ventajas tiene la ecograf\u00eda?<\/strong><\/span><\/span><span class=\"kt-blocks-accordion-icon-trigger\"><\/span><\/button><\/div><div class=\"kt-accordion-panel\"><div class=\"kt-accordion-panel-inner\">\n<p>La ecograf\u00eda musculoesquel\u00e9tica cuenta con m\u00faltiples ventajas como que <strong>nos permite realizar evaluaciones exactas e inmediatas del problema que presenta el paciente, por lo que los diagn\u00f3sticos son m\u00e1s precisos.<\/strong> Al mismo tiempo, es una herramienta muy \u00fatil em diversos tratamientos invasivos, ya que aumenta la eficacia de los mismo.<\/p>\n\n\n\n<p>Tambi\u00e9n cabe destacar que no emite radiaci\u00f3n que puede afectar al paciente.<\/p>\n<\/div><\/div><\/div>\n\n\n\n<div class=\"wp-block-kadence-pane kt-accordion-pane kt-accordion-pane-14 kt-pane_9203b1-fa\"><div class=\"kt-accordion-header-wrap\"><button class=\"kt-blocks-accordion-header kt-acccordion-button-label-show\"><span class=\"kt-blocks-accordion-title-wrap\"><span class=\"kt-blocks-accordion-title\"><strong>\u00bfQu\u00e9 patolog\u00edas se pueden tratar bajo control ecogr\u00e1fico?<\/strong><\/span><\/span><span class=\"kt-blocks-accordion-icon-trigger\"><\/span><\/button><\/div><div class=\"kt-accordion-panel\"><div class=\"kt-accordion-panel-inner\">\n<p>Las patolog\u00edas m\u00e1s comunes a tratar son las siguientes:<\/p>\n\n\n\n<ul class=\"wp-block-list\">\n<li><strong>Tendinopat\u00edas<\/strong> como la del tend\u00f3n de Aquiles, tendones peroneos, tend\u00f3n tibial anterior y tend\u00f3n tibial posterior. Tambi\u00e9n podemos tratar las roturas de estos tendones.<\/li>\n\n\n\n<li><strong>Sindrome del seno del tarso.<\/strong><\/li>\n\n\n\n<li>Fascia plantar como la <strong>fascitis, fasciosis y espol\u00f3n de calc\u00e1neo<\/strong><\/li>\n\n\n\n<li>Neuromas en general: <strong>neuroma de morton<\/strong>, neuroma de Hauser, Heuter, Joplin<\/li>\n\n\n\n<li>Atrapamientos de nervios como del nervio tibial, <strong>nervio de Baxter<\/strong> y s\u00edndrome del t\u00fanel tarsiano.<\/li>\n\n\n\n<li>Lesiones osteocondrales, como en el astr\u00e1galo.<\/li>\n\n\n\n<li><strong>Metatarsalgias, con capsulitis o bursitis<\/strong>, fracturas de stress y <strong>roturas de la placa plantar.<\/strong><\/li>\n\n\n\n<li><strong>S\u00edndrome de Haglund o espol\u00f3n de calc\u00e1neo.<\/strong><\/li>\n\n\n\n<li>Artrosis en general, del tobillo, de Lisfranc, de Chopart.<\/li>\n\n\n\n<li><strong>Gangliones y quistes sinoviales<\/strong><\/li>\n\n\n\n<li><strong>Roturas miotendinosas<\/strong>, como la rotura parcial de la fascia plantar<\/li>\n<\/ul>\n<\/div><\/div><\/div>\n<\/div><\/div><\/div>\n<\/div><\/div>\n\n<\/div><\/div>","protected":false},"excerpt":{"rendered":"<p>La ecograf\u00eda es una tecnolog\u00eda con multitud de ventajas tanto para el diagn\u00f3stico como para el tratamiento. Se trata de una t\u00e9cnica r\u00e1pida y no invasiva sin emisi\u00f3n de radiaciones ionizantes. Gracias a ella pueden llevarse a cabo ciertos tipos &hellip; <a href=\"https:\/\/www.clinicaferrersalud.com\/index.php\/intervencionismo-ecoguiado-del-pie\/\">Continuar<\/a><\/p>\n","protected":false},"author":1,"featured_media":0,"parent":0,"menu_order":0,"comment_status":"closed","ping_status":"closed","template":"","meta":{"kt_blocks_editor_width":"","footnotes":""},"class_list":["post-153","page","type-page","status-publish","hentry"],"_links":{"self":[{"href":"https:\/\/www.clinicaferrersalud.com\/index.php\/wp-json\/wp\/v2\/pages\/153","targetHints":{"allow":["GET"]}}],"collection":[{"href":"https:\/\/www.clinicaferrersalud.com\/index.php\/wp-json\/wp\/v2\/pages"}],"about":[{"href":"https:\/\/www.clinicaferrersalud.com\/index.php\/wp-json\/wp\/v2\/types\/page"}],"author":[{"embeddable":true,"href":"https:\/\/www.clinicaferrersalud.com\/index.php\/wp-json\/wp\/v2\/users\/1"}],"replies":[{"embeddable":true,"href":"https:\/\/www.clinicaferrersalud.com\/index.php\/wp-json\/wp\/v2\/comments?post=153"}],"version-history":[{"count":8,"href":"https:\/\/www.clinicaferrersalud.com\/index.php\/wp-json\/wp\/v2\/pages\/153\/revisions"}],"predecessor-version":[{"id":912,"href":"https:\/\/www.clinicaferrersalud.com\/index.php\/wp-json\/wp\/v2\/pages\/153\/revisions\/912"}],"wp:attachment":[{"href":"https:\/\/www.clinicaferrersalud.com\/index.php\/wp-json\/wp\/v2\/media?parent=153"}],"curies":[{"name":"wp","href":"https:\/\/api.w.org\/{rel}","templated":true}]}}