{"id":151,"date":"2023-10-18T17:08:42","date_gmt":"2023-10-18T17:08:42","guid":{"rendered":"https:\/\/www.clinicaferrersalud.com\/?page_id=151"},"modified":"2024-07-08T21:00:08","modified_gmt":"2024-07-08T21:00:08","slug":"plantillas-personalizadas","status":"publish","type":"page","link":"https:\/\/www.clinicaferrersalud.com\/index.php\/plantillas-personalizadas\/","title":{"rendered":"Plantillas personalizadas a medida"},"content":{"rendered":"\n<p>En Cl\u00ednica FERRERsalud ofrecemos <strong>plantillas (soportes plantares) 100% personalizadas y adaptadas a cada paciente<\/strong>, donde cada plantilla requiere un perfecto ajuste seg\u00fan cada paciente y cada tipo de patolog\u00eda.<\/p>\n\n\n\n<p><strong>Utilizamos la \u00faltima tecnolog\u00eda para el dise\u00f1o de nuestras plantillas, como es el escaner 3D del pie<\/strong>, dise\u00f1ado por el Instituto de Biomecanica de Valencia, uno de los institutos de biomec\u00e1nica m\u00e1s prestigiosos de Europa. Dicho escaner nos permite corregir y dise\u00f1ar todas aquellas anomal\u00edas presentes en la pisada, mediante una imagen en 3D de los pies, para que la posterior plantilla sea lo m\u00e1s efectiva posible.<\/p>\n\n\n\n<p>Todo ello nos permite corregir y aliviar las alteraciones en la planta del pie, permitiendo mejorar la pisada y evitando lesiones, ya sea en el pie, o en diferentes zonas del cuerpo.<\/p>\n\n\n<style>.kb-row-layout-id_df677a-0b > .kt-row-column-wrap{align-content:start;}:where(.kb-row-layout-id_df677a-0b > .kt-row-column-wrap) > .wp-block-kadence-column{justify-content:start;}.kb-row-layout-id_df677a-0b > .kt-row-column-wrap{column-gap:var(--global-kb-gap-md, 2rem);row-gap:var(--global-kb-gap-md, 2rem);max-width:1140px;margin-left:auto;margin-right:auto;padding-top:39px;padding-bottom:37px;grid-template-columns:minmax(0, 1fr) minmax(0, 2fr) minmax(0, 1fr);}.kb-row-layout-id_df677a-0b > .kt-row-layout-overlay{opacity:0.30;}@media all and (max-width: 1024px){.kb-row-layout-id_df677a-0b > .kt-row-column-wrap{grid-template-columns:repeat(3, minmax(0, 1fr));}}@media all and (max-width: 767px){.kb-row-layout-id_df677a-0b > .kt-row-column-wrap{grid-template-columns:minmax(0, 1fr);}}<\/style><div class=\"kb-row-layout-wrap kb-row-layout-id_df677a-0b alignnone wp-block-kadence-rowlayout\"><div class=\"kt-row-column-wrap kt-has-3-columns kt-row-layout-center-half kt-tab-layout-inherit kt-mobile-layout-row kt-row-valign-top\">\n<style>.kadence-column_aec9f1-6f > .kt-inside-inner-col,.kadence-column_aec9f1-6f > .kt-inside-inner-col:before{border-top-left-radius:0px;border-top-right-radius:0px;border-bottom-right-radius:0px;border-bottom-left-radius:0px;}.kadence-column_aec9f1-6f > .kt-inside-inner-col{background-image:linear-gradient(135deg,rgb(6,147,227) 0%,rgb(200,209,224) 100%);}.kadence-column_aec9f1-6f > .kt-inside-inner-col:before{opacity:0.3;}.kadence-column_aec9f1-6f{position:relative;}<\/style>\n<div class=\"wp-block-kadence-column kadence-column_aec9f1-6f inner-column-1\"><div class=\"kt-inside-inner-col\">\n<figure class=\"wp-block-image size-large\"><img loading=\"lazy\" decoding=\"async\" width=\"1024\" height=\"1024\" src=\"https:\/\/www.clinicaferrersalud.com\/wp-content\/uploads\/2023\/10\/P1-1024x1024.jpeg\" alt=\"\" class=\"wp-image-223\" style=\"aspect-ratio:1;object-fit:cover\" srcset=\"https:\/\/www.clinicaferrersalud.com\/wp-content\/uploads\/2023\/10\/P1-1024x1024.jpeg 1024w, https:\/\/www.clinicaferrersalud.com\/wp-content\/uploads\/2023\/10\/P1-300x300.jpeg 300w, https:\/\/www.clinicaferrersalud.com\/wp-content\/uploads\/2023\/10\/P1-150x150.jpeg 150w, https:\/\/www.clinicaferrersalud.com\/wp-content\/uploads\/2023\/10\/P1-768x768.jpeg 768w, https:\/\/www.clinicaferrersalud.com\/wp-content\/uploads\/2023\/10\/P1.jpeg 1080w\" sizes=\"auto, (max-width: 1024px) 100vw, 1024px\" \/><\/figure>\n\n\n\n<figure class=\"wp-block-image size-large\"><img loading=\"lazy\" decoding=\"async\" width=\"900\" height=\"1024\" src=\"https:\/\/www.clinicaferrersalud.com\/wp-content\/uploads\/2024\/02\/Plantillas-1-900x1024.jpeg\" alt=\"\" class=\"wp-image-682\" style=\"aspect-ratio:1;object-fit:cover\" srcset=\"https:\/\/www.clinicaferrersalud.com\/wp-content\/uploads\/2024\/02\/Plantillas-1-900x1024.jpeg 900w, https:\/\/www.clinicaferrersalud.com\/wp-content\/uploads\/2024\/02\/Plantillas-1-264x300.jpeg 264w, https:\/\/www.clinicaferrersalud.com\/wp-content\/uploads\/2024\/02\/Plantillas-1-768x874.jpeg 768w, https:\/\/www.clinicaferrersalud.com\/wp-content\/uploads\/2024\/02\/Plantillas-1-1349x1536.jpeg 1349w, https:\/\/www.clinicaferrersalud.com\/wp-content\/uploads\/2024\/02\/Plantillas-1.jpeg 1728w\" sizes=\"auto, (max-width: 900px) 100vw, 900px\" \/><\/figure>\n<\/div><\/div>\n\n\n<style>.kadence-column_e926d6-79 > .kt-inside-inner-col,.kadence-column_e926d6-79 > .kt-inside-inner-col:before{border-top-left-radius:0px;border-top-right-radius:0px;border-bottom-right-radius:0px;border-bottom-left-radius:0px;}.kadence-column_e926d6-79 > .kt-inside-inner-col{background-image:linear-gradient(135deg,rgb(6,147,227) 0%,rgb(6,147,227) 17%,rgb(20,39,109) 100%);}.kadence-column_e926d6-79 > .kt-inside-inner-col:before{opacity:0.3;}.kadence-column_e926d6-79{position:relative;}<\/style>\n<div class=\"wp-block-kadence-column kadence-column_e926d6-79 inner-column-3\"><div class=\"kt-inside-inner-col\">\n<figure class=\"wp-block-image size-large\"><img loading=\"lazy\" decoding=\"async\" width=\"768\" height=\"1024\" src=\"https:\/\/www.clinicaferrersalud.com\/wp-content\/uploads\/2023\/10\/P3-768x1024.jpeg\" alt=\"\" class=\"wp-image-225\" srcset=\"https:\/\/www.clinicaferrersalud.com\/wp-content\/uploads\/2023\/10\/P3-768x1023.jpeg 768w, https:\/\/www.clinicaferrersalud.com\/wp-content\/uploads\/2023\/10\/P3-225x300.jpeg 225w, https:\/\/www.clinicaferrersalud.com\/wp-content\/uploads\/2023\/10\/P3-1153x1536.jpeg 1153w, https:\/\/www.clinicaferrersalud.com\/wp-content\/uploads\/2023\/10\/P3.jpeg 1200w\" sizes=\"auto, (max-width: 768px) 100vw, 768px\" \/><\/figure>\n<\/div><\/div>\n\n\n<style>.kadence-column_3ae42b-3e > .kt-inside-inner-col,.kadence-column_3ae42b-3e > .kt-inside-inner-col:before{border-top-left-radius:0px;border-top-right-radius:0px;border-bottom-right-radius:0px;border-bottom-left-radius:0px;}.kadence-column_3ae42b-3e > .kt-inside-inner-col{background-image:linear-gradient(135deg,rgb(6,147,227) 1%,rgb(20,39,109) 100%);}.kadence-column_3ae42b-3e > .kt-inside-inner-col:before{opacity:0.3;}.kadence-column_3ae42b-3e{position:relative;}<\/style>\n<div class=\"wp-block-kadence-column kadence-column_3ae42b-3e\"><div class=\"kt-inside-inner-col\">\n<figure class=\"wp-block-image size-large\"><img loading=\"lazy\" decoding=\"async\" width=\"1024\" height=\"1024\" src=\"https:\/\/www.clinicaferrersalud.com\/wp-content\/uploads\/2023\/10\/P2-1024x1024.jpeg\" alt=\"\" class=\"wp-image-224\" style=\"aspect-ratio:1;object-fit:cover\" srcset=\"https:\/\/www.clinicaferrersalud.com\/wp-content\/uploads\/2023\/10\/P2-1024x1024.jpeg 1024w, https:\/\/www.clinicaferrersalud.com\/wp-content\/uploads\/2023\/10\/P2-300x300.jpeg 300w, https:\/\/www.clinicaferrersalud.com\/wp-content\/uploads\/2023\/10\/P2-150x150.jpeg 150w, https:\/\/www.clinicaferrersalud.com\/wp-content\/uploads\/2023\/10\/P2-768x768.jpeg 768w, https:\/\/www.clinicaferrersalud.com\/wp-content\/uploads\/2023\/10\/P2-1536x1536.jpeg 1536w, https:\/\/www.clinicaferrersalud.com\/wp-content\/uploads\/2023\/10\/P2.jpeg 1599w\" sizes=\"auto, (max-width: 1024px) 100vw, 1024px\" \/><\/figure>\n\n\n\n<figure class=\"wp-block-gallery has-nested-images columns-default is-cropped wp-block-gallery-1 is-layout-flex wp-block-gallery-is-layout-flex\">\n<figure class=\"wp-block-image size-large\"><img loading=\"lazy\" decoding=\"async\" width=\"1024\" height=\"1024\" data-id=\"683\" src=\"https:\/\/www.clinicaferrersalud.com\/wp-content\/uploads\/2024\/02\/Plantillas-2-1024x1024.jpeg\" alt=\"\" class=\"wp-image-683\" srcset=\"https:\/\/www.clinicaferrersalud.com\/wp-content\/uploads\/2024\/02\/Plantillas-2-1024x1024.jpeg 1024w, https:\/\/www.clinicaferrersalud.com\/wp-content\/uploads\/2024\/02\/Plantillas-2-300x300.jpeg 300w, https:\/\/www.clinicaferrersalud.com\/wp-content\/uploads\/2024\/02\/Plantillas-2-150x150.jpeg 150w, https:\/\/www.clinicaferrersalud.com\/wp-content\/uploads\/2024\/02\/Plantillas-2-768x768.jpeg 768w, https:\/\/www.clinicaferrersalud.com\/wp-content\/uploads\/2024\/02\/Plantillas-2.jpeg 1080w\" sizes=\"auto, (max-width: 1024px) 100vw, 1024px\" \/><\/figure>\n<\/figure>\n<\/div><\/div>\n\n<\/div><\/div>\n\n<style>.kb-row-layout-id_a31c4f-4a > .kt-row-column-wrap{align-content:start;}:where(.kb-row-layout-id_a31c4f-4a > .kt-row-column-wrap) > .wp-block-kadence-column{justify-content:start;}.kb-row-layout-id_a31c4f-4a > .kt-row-column-wrap{column-gap:var(--global-kb-gap-md, 2rem);row-gap:var(--global-kb-gap-md, 2rem);max-width:1140px;padding-top:var(--global-kb-spacing-sm, 1.5rem);padding-bottom:var(--global-kb-spacing-sm, 1.5rem);grid-template-columns:minmax(0, 1fr);}.kb-row-layout-id_a31c4f-4a > .kt-row-layout-overlay{opacity:0.30;}@media all and (max-width: 1024px){.kb-row-layout-id_a31c4f-4a > .kt-row-column-wrap{grid-template-columns:minmax(0, 1fr);}}@media all and (max-width: 767px){.kb-row-layout-id_a31c4f-4a > .kt-row-column-wrap{grid-template-columns:minmax(0, 1fr);}}<\/style><div class=\"kb-row-layout-wrap kb-row-layout-id_a31c4f-4a alignnone wp-block-kadence-rowlayout\"><div class=\"kt-row-column-wrap kt-has-1-columns kt-row-layout-equal kt-tab-layout-inherit kt-mobile-layout-row kt-row-valign-top kb-theme-content-width\">\n<style>.kadence-column_87f75d-82 > .kt-inside-inner-col,.kadence-column_87f75d-82 > .kt-inside-inner-col:before{border-top-left-radius:0px;border-top-right-radius:0px;border-bottom-right-radius:0px;border-bottom-left-radius:0px;}.kadence-column_87f75d-82 > .kt-inside-inner-col:before{opacity:0.3;}.kadence-column_87f75d-82{position:relative;}<\/style>\n<div class=\"wp-block-kadence-column kadence-column_87f75d-82 inner-column-1\"><div class=\"kt-inside-inner-col\"><style>.kt-accordion-id_5abc1b-60 .kt-accordion-panel-inner{border-top:0px solid transparent;border-right:0px solid transparent;border-bottom:0px solid transparent;border-left:0px solid transparent;background:#fff;padding-top:var(--global-kb-spacing-sm, 1.5rem);padding-right:var(--global-kb-spacing-sm, 1.5rem);padding-bottom:var(--global-kb-spacing-sm, 1.5rem);padding-left:var(--global-kb-spacing-sm, 1.5rem);}.kt-accordion-id_5abc1b-60 .wp-block-kadence-pane .kt-accordion-header-wrap .kt-blocks-accordion-header{border-top:1px solid #f2f2f2;border-right:1px solid #f2f2f2;border-bottom:1px solid #f2f2f2;border-left:2px solid #f2f2f2;border-top-left-radius:6px;border-top-right-radius:6px;border-bottom-right-radius:6px;border-bottom-left-radius:6px;background:#f2f2f2;font-size:18px;line-height:32px;color:#444;padding-top:14px;padding-right:14px;padding-bottom:14px;padding-left:14px;}.kt-accordion-id_5abc1b-60 .kt-accordion-header-wrap{margin-top:10px;}.single-content .wp-block-kadence-pane>h2:first-child,\n\t\t\t.single-content .wp-block-kadence-pane>h3:first-child,\n\t\t\t.single-content .wp-block-kadence-pane>h4:first-child,\n\t\t\t.single-content .wp-block-kadence-pane>h5:first-child,\n\t\t\t.single-content .wp-block-kadence-pane>h6:first-child{margin-top:10px;}.kt-accordion-id_5abc1b-60:not( .kt-accodion-icon-style-basiccircle ):not( .kt-accodion-icon-style-xclosecircle ):not( .kt-accodion-icon-style-arrowcircle ) .kt-blocks-accordion-icon-trigger:after, .kt-accordion-id_5abc1b-60:not( .kt-accodion-icon-style-basiccircle ):not( .kt-accodion-icon-style-xclosecircle ):not( .kt-accodion-icon-style-arrowcircle ) .kt-blocks-accordion-icon-trigger:before{background:#444;}.kt-accordion-id_5abc1b-60:not( .kt-accodion-icon-style-basic ):not( .kt-accodion-icon-style-xclose ):not( .kt-accodion-icon-style-arrow ) .kt-blocks-accordion-icon-trigger{background:#444;}.kt-accordion-id_5abc1b-60:not( .kt-accodion-icon-style-basic ):not( .kt-accodion-icon-style-xclose ):not( .kt-accodion-icon-style-arrow ) .kt-blocks-accordion-icon-trigger:after, .kt-accordion-id_5abc1b-60:not( .kt-accodion-icon-style-basic ):not( .kt-accodion-icon-style-xclose ):not( .kt-accodion-icon-style-arrow ) .kt-blocks-accordion-icon-trigger:before{background:#f2f2f2;}.kt-accordion-id_5abc1b-60 .kt-accordion-header-wrap .kt-blocks-accordion-header:hover, .kt-accordion-id_5abc1b-60 .kt-accordion-header-wrap .kt-blocks-accordion-header:focus{color:#444444;background:#eeeeee;border-top:1px solid #eeeeee;border-right:1px solid #eeeeee;border-bottom:1px solid #eeeeee;border-left:2px solid #eeeeee;}.kt-accordion-id_5abc1b-60:not( .kt-accodion-icon-style-basiccircle ):not( .kt-accodion-icon-style-xclosecircle ):not( .kt-accodion-icon-style-arrowcircle ) .kt-blocks-accordion-header:hover .kt-blocks-accordion-icon-trigger:after, .kt-accordion-id_5abc1b-60:not( .kt-accodion-icon-style-basiccircle ):not( .kt-accodion-icon-style-xclosecircle ):not( .kt-accodion-icon-style-arrowcircle ) .kt-blocks-accordion-header:hover .kt-blocks-accordion-icon-trigger:before, .kt-accordion-id_5abc1b-60:not( .kt-accodion-icon-style-basiccircle ):not( .kt-accodion-icon-style-xclosecircle ):not( .kt-accodion-icon-style-arrowcircle ) .kt-blocks-accordion-header:focus .kt-blocks-accordion-icon-trigger:after, .kt-accordion-id_5abc1b-60:not( .kt-accodion-icon-style-basiccircle ):not( .kt-accodion-icon-style-xclosecircle ):not( .kt-accodion-icon-style-arrowcircle ) .kt-blocks-accordion-header:focus .kt-blocks-accordion-icon-trigger:before{background:#444444;}.kt-accordion-id_5abc1b-60:not( .kt-accodion-icon-style-basic ):not( .kt-accodion-icon-style-xclose ):not( .kt-accodion-icon-style-arrow ) .kt-blocks-accordion-header:hover .kt-blocks-accordion-icon-trigger, .kt-accordion-id_5abc1b-60:not( .kt-accodion-icon-style-basic ):not( .kt-accodion-icon-style-xclose ):not( .kt-accodion-icon-style-arrow ) .kt-blocks-accordion-header:focus .kt-blocks-accordion-icon-trigger{background:#444444;}.kt-accordion-id_5abc1b-60:not( .kt-accodion-icon-style-basic ):not( .kt-accodion-icon-style-xclose ):not( .kt-accodion-icon-style-arrow ) .kt-blocks-accordion-header:hover .kt-blocks-accordion-icon-trigger:after, .kt-accordion-id_5abc1b-60:not( .kt-accodion-icon-style-basic ):not( .kt-accodion-icon-style-xclose ):not( .kt-accodion-icon-style-arrow ) .kt-blocks-accordion-header:hover .kt-blocks-accordion-icon-trigger:before, .kt-accordion-id_5abc1b-60:not( .kt-accodion-icon-style-basic ):not( .kt-accodion-icon-style-xclose ):not( .kt-accodion-icon-style-arrow ) .kt-blocks-accordion-header:focus .kt-blocks-accordion-icon-trigger:after, .kt-accordion-id_5abc1b-60:not( .kt-accodion-icon-style-basic ):not( .kt-accodion-icon-style-xclose ):not( .kt-accodion-icon-style-arrow ) .kt-blocks-accordion-header:focus .kt-blocks-accordion-icon-trigger:before{background:#eeeeee;}.kt-accordion-id_5abc1b-60 .kt-accordion-header-wrap .kt-blocks-accordion-header.kt-accordion-panel-active{color:#ffffff;background:#f3690e;border-top:1px solid #f3690e;border-right:1px solid #f3690e;border-bottom:1px solid #f3690e;border-left:2px solid #f3690e;}.kt-accordion-id_5abc1b-60:not( .kt-accodion-icon-style-basiccircle ):not( .kt-accodion-icon-style-xclosecircle ):not( .kt-accodion-icon-style-arrowcircle ) .kt-blocks-accordion-header.kt-accordion-panel-active .kt-blocks-accordion-icon-trigger:after, .kt-accordion-id_5abc1b-60:not( .kt-accodion-icon-style-basiccircle ):not( .kt-accodion-icon-style-xclosecircle ):not( .kt-accodion-icon-style-arrowcircle ) .kt-blocks-accordion-header.kt-accordion-panel-active .kt-blocks-accordion-icon-trigger:before{background:#ffffff;}.kt-accordion-id_5abc1b-60:not( .kt-accodion-icon-style-basic ):not( .kt-accodion-icon-style-xclose ):not( .kt-accodion-icon-style-arrow ) .kt-blocks-accordion-header.kt-accordion-panel-active .kt-blocks-accordion-icon-trigger{background:#ffffff;}.kt-accordion-id_5abc1b-60:not( .kt-accodion-icon-style-basic ):not( .kt-accodion-icon-style-xclose ):not( .kt-accodion-icon-style-arrow ) .kt-blocks-accordion-header.kt-accordion-panel-active .kt-blocks-accordion-icon-trigger:after, .kt-accordion-id_5abc1b-60:not( .kt-accodion-icon-style-basic ):not( .kt-accodion-icon-style-xclose ):not( .kt-accodion-icon-style-arrow ) .kt-blocks-accordion-header.kt-accordion-panel-active .kt-blocks-accordion-icon-trigger:before{background:#f3690e;}@media all and (max-width: 1024px){.kt-accordion-id_5abc1b-60 .kt-accordion-panel-inner{border-top:0px solid transparent;border-right:0px solid transparent;border-bottom:0px solid transparent;border-left:0px solid transparent;}}@media all and (max-width: 1024px){.kt-accordion-id_5abc1b-60 .wp-block-kadence-pane .kt-accordion-header-wrap .kt-blocks-accordion-header{border-top:1px solid #f2f2f2;border-right:1px solid #f2f2f2;border-bottom:1px solid #f2f2f2;border-left:2px solid #f2f2f2;}}@media all and (max-width: 1024px){.kt-accordion-id_5abc1b-60 .kt-accordion-header-wrap .kt-blocks-accordion-header:hover, .kt-accordion-id_5abc1b-60 .kt-accordion-header-wrap .kt-blocks-accordion-header:focus{border-top:1px solid #eeeeee;border-right:1px solid #eeeeee;border-bottom:1px solid #eeeeee;border-left:2px solid #eeeeee;}}@media all and (max-width: 1024px){.kt-accordion-id_5abc1b-60 .kt-accordion-header-wrap .kt-blocks-accordion-header.kt-accordion-panel-active{border-top:1px solid #f3690e;border-right:1px solid #f3690e;border-bottom:1px solid #f3690e;border-left:2px solid #f3690e;}}@media all and (max-width: 767px){.kt-accordion-id_5abc1b-60 .kt-accordion-panel-inner{border-top:0px solid transparent;border-right:0px solid transparent;border-bottom:0px solid transparent;border-left:0px solid transparent;}.kt-accordion-id_5abc1b-60 .wp-block-kadence-pane .kt-accordion-header-wrap .kt-blocks-accordion-header{border-top:1px solid #f2f2f2;border-right:1px solid #f2f2f2;border-bottom:1px solid #f2f2f2;border-left:2px solid #f2f2f2;}.kt-accordion-id_5abc1b-60 .kt-accordion-header-wrap .kt-blocks-accordion-header:hover, .kt-accordion-id_5abc1b-60 .kt-accordion-header-wrap .kt-blocks-accordion-header:focus{border-top:1px solid #eeeeee;border-right:1px solid #eeeeee;border-bottom:1px solid #eeeeee;border-left:2px solid #eeeeee;}.kt-accordion-id_5abc1b-60 .kt-accordion-header-wrap .kt-blocks-accordion-header.kt-accordion-panel-active{border-top:1px solid #f3690e;border-right:1px solid #f3690e;border-bottom:1px solid #f3690e;border-left:2px solid #f3690e;}}<\/style>\n<div class=\"wp-block-kadence-accordion alignnone\"><div class=\"kt-accordion-wrap kt-accordion-id_5abc1b-60 kt-accordion-has-15-panes kt-active-pane-0 kt-accordion-block kt-pane-header-alignment-left kt-accodion-icon-style-basic kt-accodion-icon-side-right\" style=\"max-width:none\"><div class=\"kt-accordion-inner-wrap\" data-allow-multiple-open=\"false\" data-start-open=\"none\">\n<div class=\"wp-block-kadence-pane kt-accordion-pane kt-accordion-pane-13 kt-pane_ab69be-d4\"><div class=\"kt-accordion-header-wrap\"><button class=\"kt-blocks-accordion-header kt-acccordion-button-label-show\"><span class=\"kt-blocks-accordion-title-wrap\"><span class=\"kt-blocks-accordion-title\"><strong>\u00bfDe qu\u00e9 material estar\u00e1n fabricadas mis plantillas?<\/strong><\/span><\/span><span class=\"kt-blocks-accordion-icon-trigger\"><\/span><\/button><\/div><div class=\"kt-accordion-panel\"><div class=\"kt-accordion-panel-inner\">\n<p><strong>En cl\u00ednica FERRERsalud trabajamos con pr\u00e1cticamente todos los materiales disponibles.<\/strong> Desde hace a\u00f1os, trabajamos de manera muy personalizada, y <strong>pensamos que cada paciente y cada patolog\u00eda requiere de un material espec\u00edfico.<\/strong><\/p>\n\n\n\n<p>No es lo mismo materiales relativamente blandos y densos como el E.V.A. y el Rovalfoam combinado, que materiales termopl\u00e1sticos, caracterizados por su poco espesor y dificultad para perder propiedades con el tiempo, como el polipropileno, la fibra de carbono o la fibra de vidrio.<\/p>\n\n\n\n<p>Siempre recomendamos dejarse aconsejar tanto por nuestro criterio cl\u00ednico, experiencia e informaci\u00f3n previa que nos aportar\u00e1 el estudio biomec\u00e1nico de la pisada realizado previamente.<\/p>\n<\/div><\/div><\/div>\n\n\n\n<div class=\"wp-block-kadence-pane kt-accordion-pane kt-accordion-pane-14 kt-pane_9203b1-fa\"><div class=\"kt-accordion-header-wrap\"><button class=\"kt-blocks-accordion-header kt-acccordion-button-label-show\"><span class=\"kt-blocks-accordion-title-wrap\"><span class=\"kt-blocks-accordion-title\"><strong>\u00bfTodas las personas necesitan plantillas?<\/strong><\/span><\/span><span class=\"kt-blocks-accordion-icon-trigger\"><\/span><\/button><\/div><div class=\"kt-accordion-panel\"><div class=\"kt-accordion-panel-inner\">\n<p><strong>No.<\/strong> Igual que hay muchas personas que no necesitan gafas ni ortodoncia, hay mucha gente que no necesita plantillas. Es por ello que es fundamental una buena valoraci\u00f3n previa, para llegar a la conclusi\u00f3n de si necesita o no plantillas para cada momento y paciente.<\/p>\n\n\n\n<p>Es por ello, que es de vital importancia ser valorado por un experto en pie y tobillo, como el Dr. Sergio Ferrer, el cual trabaja desde hace a\u00f1os tanto con pacientes propios como con pacientes derivados por diferentes profesionales a nuestra cl\u00ednica para realizar valoraciones biomec\u00e1nicas y plantillas personalizadas.<\/p>\n<\/div><\/div><\/div>\n\n\n\n<div class=\"wp-block-kadence-pane kt-accordion-pane kt-accordion-pane-15 kt-pane_01eb1f-31\"><div class=\"kt-accordion-header-wrap\"><button class=\"kt-blocks-accordion-header kt-acccordion-button-label-show\"><span class=\"kt-blocks-accordion-title-wrap\"><span class=\"kt-blocks-accordion-title\"><strong>\u00bfCu\u00e1l es la duraci\u00f3n de las plantillas?<\/strong><\/span><\/span><span class=\"kt-blocks-accordion-icon-trigger\"><\/span><\/button><\/div><div class=\"kt-accordion-panel\"><div class=\"kt-accordion-panel-inner\">\n<p><strong>Depende de cada paciente y la actividad que realice,<\/strong> al igual que el material con el cual se realice las plantillas.<\/p>\n\n\n\n<p>No obstante, si que es importante, que pasado 12-18 meses, se lleve a cabo una revisi\u00f3n a fondo para evaluar el estado de las plantillas.<\/p>\n<\/div><\/div><\/div>\n<\/div><\/div><\/div>\n<\/div><\/div>\n\n<\/div><\/div>","protected":false},"excerpt":{"rendered":"<p>En Cl\u00ednica FERRERsalud ofrecemos plantillas (soportes plantares) 100% personalizadas y adaptadas a cada paciente, donde cada plantilla requiere un perfecto ajuste seg\u00fan cada paciente y cada tipo de patolog\u00eda. Utilizamos la \u00faltima tecnolog\u00eda para el dise\u00f1o de nuestras plantillas, como &hellip; <a href=\"https:\/\/www.clinicaferrersalud.com\/index.php\/plantillas-personalizadas\/\">Continuar<\/a><\/p>\n","protected":false},"author":1,"featured_media":0,"parent":0,"menu_order":0,"comment_status":"closed","ping_status":"closed","template":"","meta":{"kt_blocks_editor_width":"","footnotes":""},"class_list":["post-151","page","type-page","status-publish","hentry"],"_links":{"self":[{"href":"https:\/\/www.clinicaferrersalud.com\/index.php\/wp-json\/wp\/v2\/pages\/151","targetHints":{"allow":["GET"]}}],"collection":[{"href":"https:\/\/www.clinicaferrersalud.com\/index.php\/wp-json\/wp\/v2\/pages"}],"about":[{"href":"https:\/\/www.clinicaferrersalud.com\/index.php\/wp-json\/wp\/v2\/types\/page"}],"author":[{"embeddable":true,"href":"https:\/\/www.clinicaferrersalud.com\/index.php\/wp-json\/wp\/v2\/users\/1"}],"replies":[{"embeddable":true,"href":"https:\/\/www.clinicaferrersalud.com\/index.php\/wp-json\/wp\/v2\/comments?post=151"}],"version-history":[{"count":7,"href":"https:\/\/www.clinicaferrersalud.com\/index.php\/wp-json\/wp\/v2\/pages\/151\/revisions"}],"predecessor-version":[{"id":917,"href":"https:\/\/www.clinicaferrersalud.com\/index.php\/wp-json\/wp\/v2\/pages\/151\/revisions\/917"}],"wp:attachment":[{"href":"https:\/\/www.clinicaferrersalud.com\/index.php\/wp-json\/wp\/v2\/media?parent=151"}],"curies":[{"name":"wp","href":"https:\/\/api.w.org\/{rel}","templated":true}]}}